{"id":1196,"date":"2024-08-12T17:20:26","date_gmt":"2024-08-12T12:20:26","guid":{"rendered":"https:\/\/www.sentrex.com\/?page_id=1196"},"modified":"2026-04-02T02:18:35","modified_gmt":"2026-04-01T21:18:35","slug":"professionnels-sante","status":"publish","type":"page","link":"https:\/\/www.sentrex.com\/fr\/professionnels-sante\/","title":{"rendered":"Professionnels de la sant\u00e9"},"content":{"rendered":"\t\t<header class=\"header-primary-block theme-green section-block with-background\" data-scroll-section>\n\t\t\t<div class=\"container\">\n\t\t\t\t<div class=\"content-wrapper\">\n\t\t\t\t\t<div class=\"row row-main\">\n\t\t\t\t\t\t<div class=\"col-xl-5 col-md-6 col-content\">\n\t\t\t\t\t\t\t\t\t\t\t\t\t\t\t<h1 class=\"upper-title-1\">Professionnels de la sant\u00e9<\/h1>\t\t\t\t\t\t\t\n\t\t\t\t\t\t\t<h2 class=\"title-1\">Votre partenaire pour les soins aux patients<\/h2>\n\t\t\t\t\t\t\t\t\t\t\t\t\t\t\t<div class=\"description\"><p>Sentrex met \u00e0 votre disposition une \u00e9quipe passionn\u00e9e et exp\u00e9riment\u00e9e qui s\u2019int\u00e8gre \u00e0 votre pratique et collabore avec vous pour d\u00e9velopper des solutions con\u00e7ues pour r\u00e9pondre aux besoins de vos patients et aux sp\u00e9cificit\u00e9s de votre clinique.<\/p>\n<\/div>\n\t\t\t\t\t\t\t\n\t\t\t\t\t\t\t\t\t\t\t\t\t<\/div>\n\n\t\t\t\t\t\t<div class=\"col-xl-6 offset-xl-1 col-md-6 offset-md-0 col-image\">\n\t\t\t\t\t\t\t<div class=\"image-container\">\n\t\t\t\t\t\t\t\t\t\t\t\t\t\t\t\t\t<img decoding=\"async\" loading=\"lazy\" width=\"3000\" height=\"3000\" src=\"https:\/\/www.sentrex.com\/wp-content\/uploads\/2024\/09\/HCPs_Header_IMG_5559_web.jpg\" class=\"image\" alt=\"&quot;&quot;\" sizes=\"auto\" srcset=\"https:\/\/www.sentrex.com\/wp-content\/uploads\/2024\/09\/HCPs_Header_IMG_5559_web.jpg 3000w, https:\/\/www.sentrex.com\/wp-content\/uploads\/2024\/09\/HCPs_Header_IMG_5559_web-900x900.jpg 900w, https:\/\/www.sentrex.com\/wp-content\/uploads\/2024\/09\/HCPs_Header_IMG_5559_web-1280x1280.jpg 1280w, https:\/\/www.sentrex.com\/wp-content\/uploads\/2024\/09\/HCPs_Header_IMG_5559_web-1366x1366.jpg 1366w, https:\/\/www.sentrex.com\/wp-content\/uploads\/2024\/09\/HCPs_Header_IMG_5559_web-1440x1440.jpg 1440w, https:\/\/www.sentrex.com\/wp-content\/uploads\/2024\/09\/HCPs_Header_IMG_5559_web-1536x1536.jpg 1536w, https:\/\/www.sentrex.com\/wp-content\/uploads\/2024\/09\/HCPs_Header_IMG_5559_web-1600x1600.jpg 1600w, https:\/\/www.sentrex.com\/wp-content\/uploads\/2024\/09\/HCPs_Header_IMG_5559_web-150x150.jpg 150w, https:\/\/www.sentrex.com\/wp-content\/uploads\/2024\/09\/HCPs_Header_IMG_5559_web-300x300.jpg 300w, https:\/\/www.sentrex.com\/wp-content\/uploads\/2024\/09\/HCPs_Header_IMG_5559_web-768x768.jpg 768w, https:\/\/www.sentrex.com\/wp-content\/uploads\/2024\/09\/HCPs_Header_IMG_5559_web-1024x1024.jpg 1024w, https:\/\/www.sentrex.com\/wp-content\/uploads\/2024\/09\/HCPs_Header_IMG_5559_web-2048x2048.jpg 2048w, https:\/\/www.sentrex.com\/wp-content\/uploads\/2024\/09\/HCPs_Header_IMG_5559_web-80x80.jpg 80w, https:\/\/www.sentrex.com\/wp-content\/uploads\/2024\/09\/HCPs_Header_IMG_5559_web-186x186.jpg 186w, https:\/\/www.sentrex.com\/wp-content\/uploads\/2024\/09\/HCPs_Header_IMG_5559_web-206x206.jpg 206w, https:\/\/www.sentrex.com\/wp-content\/uploads\/2024\/09\/HCPs_Header_IMG_5559_web-238x238.jpg 238w, https:\/\/www.sentrex.com\/wp-content\/uploads\/2024\/09\/HCPs_Header_IMG_5559_web-275x275.jpg 275w, https:\/\/www.sentrex.com\/wp-content\/uploads\/2024\/09\/HCPs_Header_IMG_5559_web-428x428.jpg 428w, https:\/\/www.sentrex.com\/wp-content\/uploads\/2024\/09\/HCPs_Header_IMG_5559_web-550x550.jpg 550w, https:\/\/www.sentrex.com\/wp-content\/uploads\/2024\/09\/HCPs_Header_IMG_5559_web-580x580.jpg 580w, https:\/\/www.sentrex.com\/wp-content\/uploads\/2024\/09\/HCPs_Header_IMG_5559_web-780x780.jpg 780w, https:\/\/www.sentrex.com\/wp-content\/uploads\/2024\/09\/HCPs_Header_IMG_5559_web-885x885.jpg 885w, https:\/\/www.sentrex.com\/wp-content\/uploads\/2024\/09\/HCPs_Header_IMG_5559_web-960x960.jpg 960w, https:\/\/www.sentrex.com\/wp-content\/uploads\/2024\/09\/HCPs_Header_IMG_5559_web-1160x1160.jpg 1160w, https:\/\/www.sentrex.com\/wp-content\/uploads\/2024\/09\/HCPs_Header_IMG_5559_web-1920x1920.jpg 1920w, https:\/\/www.sentrex.com\/wp-content\/uploads\/2024\/09\/HCPs_Header_IMG_5559_web-1190x1190.jpg 1190w, https:\/\/www.sentrex.com\/wp-content\/uploads\/2024\/09\/HCPs_Header_IMG_5559_web-935x935.jpg 935w, https:\/\/www.sentrex.com\/wp-content\/uploads\/2024\/09\/HCPs_Header_IMG_5559_web-770x770.jpg 770w, https:\/\/www.sentrex.com\/wp-content\/uploads\/2024\/09\/HCPs_Header_IMG_5559_web-500x500.jpg 500w, https:\/\/www.sentrex.com\/wp-content\/uploads\/2024\/09\/HCPs_Header_IMG_5559_web-315x315.jpg 315w, https:\/\/www.sentrex.com\/wp-content\/uploads\/2024\/09\/HCPs_Header_IMG_5559_web-60x60.jpg 60w, https:\/\/www.sentrex.com\/wp-content\/uploads\/2024\/09\/HCPs_Header_IMG_5559_web-586x586.jpg 586w\" \/>\t\t\t\t\t\t\t\t\t\t\t\t\t\t\t<\/div>\n\t\t\t\t\t\t<\/div>\n\t\t\t\t\t<\/div>\n\t\t\t\t<\/div>\n\t\t\t<\/div>\n\t\t<\/header>\n\t\n\n\t\t<section class=\"list-links-block section-block\" data-scroll-section>\n\t\t\t<div class=\"container\">\n\t\t\t\t<div class=\"row row-main\">\n\t\t\t\t\t<div class=\"col-md-4\">\n\t\t\t\t\t\t<h2 class=\"title-2\">Solutions cliniques personnalis\u00e9es<\/h2>\n\t\t\t\t\t\t\t\t\t\t\t\t\t<div class=\"description\"><p>Notre \u00e9quipe Solutions cliniques se consacre \u00e0 optimiser les op\u00e9rations des cliniques afin d\u2019am\u00e9liorer l\u2019acc\u00e8s aux soins pour les patients. Nous avons s\u00e9lectionn\u00e9 des experts dans des domaines th\u00e9rapeutiques cl\u00e9s o\u00f9 notre contribution peut apporter le plus de valeur \u00e0 votre clinique. D\u00e9couvrez nos principaux domaines d\u2019expertise.<\/p>\n<\/div>\n\t\t\t\t\t\t\t\t\t\t\t<\/div>\n\t\t\t\t\t<div class=\"col-md-7 offset-md-1\">\n\t\t\t\t\t\t<div class=\"link-group-wrapper\">\n\t\t\t\t\t\t\t\t\t\t\t\t\t\t\t<article class=\"link-group\">\n\t\t\t\t\t\t\t\t\t<a href=\"https:\/\/www.sentrex.com\/fr\/professionnels-sante\/dermatologie\/\" target=\"\" class=\"link-overlay\" aria-label=\"Dermatologie\"><\/a>\t\t\t\t\t\t\t\t\t<h3 class=\"title title-4\">Dermatologie<\/h3>\t\t\t\t\t\t\t\t<\/article>\n\t\t\t\t\t\t\t\t\t\t\t\t\t\t\t<article class=\"link-group\">\n\t\t\t\t\t\t\t\t\t<a href=\"https:\/\/www.sentrex.com\/fr\/professionnels-sante\/hepatologie-gastro-enterologie\/\" target=\"\" class=\"link-overlay\" aria-label=\"H\u00e9patologie et gastro-ent\u00e9rologie\"><\/a>\t\t\t\t\t\t\t\t\t<h3 class=\"title title-4\">H\u00e9patologie et gastro-ent\u00e9rologie<\/h3>\t\t\t\t\t\t\t\t<\/article>\n\t\t\t\t\t\t\t\t\t\t\t\t\t\t\t<article class=\"link-group\">\n\t\t\t\t\t\t\t\t\t<a href=\"https:\/\/www.sentrex.com\/fr\/professionnels-sante\/neurologie\/\" target=\"\" class=\"link-overlay\" aria-label=\"Neurologie\"><\/a>\t\t\t\t\t\t\t\t\t<h3 class=\"title title-4\">Neurologie<\/h3>\t\t\t\t\t\t\t\t<\/article>\n\t\t\t\t\t\t\t\t\t\t\t\t\t\t\t<article class=\"link-group\">\n\t\t\t\t\t\t\t\t\t<a href=\"https:\/\/www.sentrex.com\/fr\/professionnels-sante\/oncologie\/\" target=\"\" class=\"link-overlay\" aria-label=\"Oncologie\"><\/a>\t\t\t\t\t\t\t\t\t<h3 class=\"title title-4\">Oncologie<\/h3>\t\t\t\t\t\t\t\t<\/article>\n\t\t\t\t\t\t\t\t\t\t\t\t\t\t\t<article class=\"link-group\">\n\t\t\t\t\t\t\t\t\t<a href=\"https:\/\/www.sentrex.com\/fr\/professionnels-sante\/ophthalmologie\/\" target=\"\" class=\"link-overlay\" aria-label=\"Ophthalmologie\"><\/a>\t\t\t\t\t\t\t\t\t<h3 class=\"title title-4\">Ophthalmologie<\/h3>\t\t\t\t\t\t\t\t<\/article>\n\t\t\t\t\t\t\t\t\t\t\t\t\t<\/div>\n\t\t\t\t\t<\/div>\n\t\t\t\t<\/div>\n\t\t\t<\/div>\n\t\t<\/section>\n\t\n\n\t\t<div class=\"group-testimonials-block section-block with-background theme-green with-background\" data-scroll-section data-group-testimonials-slider data-id=\"\">\n\t\t\t<div class=\"container\">\n\t\t\t\t<div class=\"content-wrapper\">\n\t\t\t\t\t<div class=\"row row-main\">\n\t\t\t\t\t\t<div class=\"col-md-12\">\n\t\t\t\t\t\t\t<div class=\"cards-slider splide\" data-splide-slider>\n\t\t\t\t\t\t\t\t<div class=\"splide__track\">\n\t\t\t\t\t\t\t\t\t<div class=\"splide__list\">\n\t\t\t\t\t\t\t\t\t\t\t\t\t\t\t\t\t\t\t\t\t<div class=\"splide__slide splide-slide\">\n\t\t\t\t\t\t\t\t\t\t\t\t\n<div class=\"group-testimonial-card\" data-testimonial-card>\n\t<figure class=\"figure\">\n\t\t<blockquote class=\"blockquote\">\n\t\t\t<div class=\"text title-3\">\u00ab Certaines journ\u00e9es de travail sont plus difficiles que d\u2019autres. Mais gr\u00e2ce \u00e0 votre travail acharn\u00e9, votre engagement et votre pr\u00e9cieux soutien, vous simplifiez grandement notre quotidien. Nous sommes infiniment reconnaissants de pouvoir compter sur une personne aussi d\u00e9vou\u00e9e que vous pour nous accompagner dans la gestion de notre clinique. \u00bb<\/div>\n\t\t<\/blockquote>\n\t\t\t\t\t<figcaption class=\"footer\">\n\t\t\t\t\t\t\t\t\t<span class=\"author title-5\">un professionnel de la sant\u00e9 plein de gratitude<\/span>\n\t\t\t\t\t\t\t\t\t\t\t<\/figcaption>\n\t\t\t<\/figure>\n<\/div>\t\t\t\t\t\t\t\t\t\t\t<\/div>\n\t\t\t\t\t\t\t\t\t\t\t\t\t\t\t\t\t\t\t\t\t<div class=\"splide__slide splide-slide\">\n\t\t\t\t\t\t\t\t\t\t\t\t\n<div class=\"group-testimonial-card\" data-testimonial-card>\n\t<figure class=\"figure\">\n\t\t<blockquote class=\"blockquote\">\n\t\t\t<div class=\"text title-3\">\u00ab Votre \u00e9quipe est remarquable, et je suis reconnaissant pour tout ce qu\u2019elle fait pour mes patients. \u00bb<\/div>\n\t\t<\/blockquote>\n\t\t\t\t\t<figcaption class=\"footer\">\n\t\t\t\t\t\t\t\t\t<span class=\"author title-5\">un professionnel de la sant\u00e9 combl\u00e9<\/span>\n\t\t\t\t\t\t\t\t\t\t\t<\/figcaption>\n\t\t\t<\/figure>\n<\/div>\t\t\t\t\t\t\t\t\t\t\t<\/div>\n\t\t\t\t\t\t\t\t\t\t\t\t\t\t\t\t\t\t\t\t\t<div class=\"splide__slide splide-slide\">\n\t\t\t\t\t\t\t\t\t\t\t\t\n<div class=\"group-testimonial-card\" data-testimonial-card>\n\t<figure class=\"figure\">\n\t\t<blockquote class=\"blockquote\">\n\t\t\t<div class=\"text title-3\">\u00ab Merci infiniment pour tout le travail que vous accomplissez pour nous! Nous sommes tr\u00e8s heureux de vous compter parmi les membres de notre \u00e9quipe! \u00bb<\/div>\n\t\t<\/blockquote>\n\t\t\t\t\t<figcaption class=\"footer\">\n\t\t\t\t\t\t\t\t\t<span class=\"author title-5\">un gestionnaire de clinique combl\u00e9<\/span>\n\t\t\t\t\t\t\t\t\t\t\t<\/figcaption>\n\t\t\t<\/figure>\n<\/div>\t\t\t\t\t\t\t\t\t\t\t<\/div>\n\t\t\t\t\t\t\t\t\t\t\t\t\t\t\t\t\t\t\t<\/div>\n\t\t\t\t\t\t\t\t<\/div>\n\t\t\t\t\t\t\t\t\t\t\t\t\t\t\t\t<div class=\"group-slider-navigation active\">\n\t<div class=\"splide__arrows slider-navigation\">\n\t\t<div class=\"splide__arrows arrows-wrapper\">\n\t\t\t\t\t\t<button class=\"button button-primary button-icon splide__arrow splide__arrow--prev\" >\n\t\t\t\t<span class=\"button-mask\">\n\t\t\t\t\t<span class=\"mask-label\"><i class=\"icon icon-chevron-left\" aria-hidden=\"true\"><\/i><\/span>\n\t\t\t\t\t\t\t\t\t\t\t<span aria-hidden=\"true\" class=\"mask-extra-label\"><i class=\"icon icon-chevron-left\" aria-hidden=\"true\"><\/i><\/span>\n\t\t\t\t\t\t\t\t\t<\/span>\n\t\t\t<\/button>\n\t\t\t\t\t\t\t\t<button class=\"button button-primary button-icon splide__arrow splide__arrow--next\" >\n\t\t\t\t<span class=\"button-mask\">\n\t\t\t\t\t<span class=\"mask-label\"><i class=\"icon icon-chevron-right\" aria-hidden=\"true\"><\/i><\/span>\n\t\t\t\t\t\t\t\t\t\t\t<span aria-hidden=\"true\" class=\"mask-extra-label\"><i class=\"icon icon-chevron-right\" aria-hidden=\"true\"><\/i><\/span>\n\t\t\t\t\t\t\t\t\t<\/span>\n\t\t\t<\/button>\n\t\t\t\t<\/div>\n\t<\/div>\n<\/div>\t\t\t\t\t\t\t<\/div>\n\t\t\t\t\t\t<\/div>\n\t\t\t\t\t<\/div>\n\t\t\t\t<\/div>\n\t\t\t<\/div>\n\t\t<\/div>\n\t\n\n\t\t<section class=\"media-text-image-sticky-a-block section-block theme-light reverse\" data-scroll-section id=\"services-cliniques-et-soins-infirmiers\">\n\t\t\t<div class=\"container\">\n\t\t\t\t<div class=\"content-wrapper\">\n\t\t\t\t\t<div class=\"row row-main\">\n\t\t\t\t\t\t<div class=\"col-md-6 col-lg-5 offset-lg-1 col-content\">\n\t\t\t\t\t\t\t<h2 class=\"title title-2\">Services cliniques et soins infirmiers<\/h2>\n\t\t\t\t\t\t\t\t\t\t\t\t\t\t\t<div class=\"description\"><p><strong>Des soins sp\u00e9cialis\u00e9s, du domicile \u00e0 la clinique.<\/strong><\/p>\n<p>PerCuro par Sentrex est un r\u00e9seau national de cliniques sp\u00e9cialis\u00e9es qui fournit des soins personnalis\u00e9s, comp\u00e9tents et empathiques aux patients. Notre \u00e9quipe se compose d\u2019infirmi\u00e8res et d\u2019infirmiers exp\u00e9riment\u00e9s et sp\u00e9cialis\u00e9s en perfusion, qui excellent dans leurs domaines th\u00e9rapeutiques respectifs et collaborent \u00e9troitement avec les sp\u00e9cialistes afin de fournir des services centr\u00e9s sur le patient \u00e0 chaque visite. Notre \u00e9quipe fournit une exp\u00e9rience de soins harmonieuse en coordonnant chaque \u00e9tape du parcours des patients. En travaillant en \u00e9troite collaboration avec les m\u00e9decins, les programmes de soutien aux patients et d\u2019autres partenaires de soins, nous r\u00e9duisons les points de contacts et rendons le processus plus facile et plus efficace pour tous.<\/p>\n<p>Acc\u00e9dez aux formulaires dont vous avez besoin:<\/p>\n<ul>\n<li><a href=\"https:\/\/www.sentrex.com\/wp-content\/uploads\/2025\/08\/PerCuro_Form_FibroScanRef_EN_26Aug25_Web.pdf\" target=\"_blank\" rel=\"noopener\">Demande de fibroscan<\/a><\/li>\n<li><a href=\"https:\/\/www.sentrex.com\/wp-content\/uploads\/2025\/08\/PerCuro_Form_Gen-ZoledronicAcidOrder_EN_13Jun25_Web-1.pdf\" target=\"_blank\" rel=\"noopener\">Ordonnance de perfusion \u2013 acide zol\u00e9dronique<\/a><\/li>\n<li><a href=\"https:\/\/www.sentrex.com\/wp-content\/uploads\/2026\/04\/PerCuro_Iron_Order_Form_FR_27Mar26_Web.pdf\" target=\"_blank\" rel=\"noopener\">Ordonnance de perfusion de fer (d\u00e9risomaltose ferrique, fer-saccharose, carboxymaltose ferrique)<\/a><\/li>\n<\/ul>\n<\/div>\n\t\t\t\t\t\t\t\n\t\t\t\t\t\t\t\t\t\t\t\t\t\t\t<div class=\"btns\">\n\t\t\t\t\t\t\t\t\t\t\t\t\t\t\t\t\t\t\t\t\t\t<a href=\"https:\/\/www.sentrex.com\/fr\/contact\/?active_page=0&#038;active_clinic_type=29#find-a-clinic\"\n\t\t\t\tclass=\"button button-primary\"\n\t\t\t\t\t\t\t\taria-label=\"Trouver une clinique\">\n\t\t\t\t<span class=\"button-mask\">\n\t\t\t\t\t<span class=\"mask-label\">Trouver une clinique<\/span>\n\t\t\t\t\t\t\t\t\t\t\t<span aria-hidden=\"true\" class=\"mask-extra-label\">Trouver une clinique<\/span>\n\t\t\t\t\t\t\t\t\t<\/span>\n\t\t\t<\/a>\n\t\t\t\t\t\t\t\t\t\t\t\t\t\t\t\t\t\t\t<\/div>\n\t\t\t\t\t\t\t\n\t\t\t\t\t\t\t\n\t\t\t\t\t\t\t\t\t\t\t\t\t<\/div>\n\n\t\t\t\t\t\t<div class=\"col-md-5 col-image\">\n\t\t\t\t\t\t\t<div class=\"image-container\" data-sticky data-sticky-breakpoint-disable=\"sm\">\n\t\t\t\t\t\t\t\t\t\t\t\t\t\t\t\t\t<img decoding=\"async\" loading=\"lazy\" width=\"3000\" height=\"3000\" src=\"https:\/\/www.sentrex.com\/wp-content\/uploads\/2024\/09\/Infusions_Nursing_Header_Pharma_web.jpg\" class=\"image\" alt=\"&quot;&quot;\" sizes=\"auto\" srcset=\"https:\/\/www.sentrex.com\/wp-content\/uploads\/2024\/09\/Infusions_Nursing_Header_Pharma_web.jpg 3000w, https:\/\/www.sentrex.com\/wp-content\/uploads\/2024\/09\/Infusions_Nursing_Header_Pharma_web-900x900.jpg 900w, https:\/\/www.sentrex.com\/wp-content\/uploads\/2024\/09\/Infusions_Nursing_Header_Pharma_web-1280x1280.jpg 1280w, https:\/\/www.sentrex.com\/wp-content\/uploads\/2024\/09\/Infusions_Nursing_Header_Pharma_web-1366x1366.jpg 1366w, https:\/\/www.sentrex.com\/wp-content\/uploads\/2024\/09\/Infusions_Nursing_Header_Pharma_web-1440x1440.jpg 1440w, https:\/\/www.sentrex.com\/wp-content\/uploads\/2024\/09\/Infusions_Nursing_Header_Pharma_web-1536x1536.jpg 1536w, https:\/\/www.sentrex.com\/wp-content\/uploads\/2024\/09\/Infusions_Nursing_Header_Pharma_web-1600x1600.jpg 1600w, https:\/\/www.sentrex.com\/wp-content\/uploads\/2024\/09\/Infusions_Nursing_Header_Pharma_web-150x150.jpg 150w, https:\/\/www.sentrex.com\/wp-content\/uploads\/2024\/09\/Infusions_Nursing_Header_Pharma_web-300x300.jpg 300w, https:\/\/www.sentrex.com\/wp-content\/uploads\/2024\/09\/Infusions_Nursing_Header_Pharma_web-768x768.jpg 768w, https:\/\/www.sentrex.com\/wp-content\/uploads\/2024\/09\/Infusions_Nursing_Header_Pharma_web-1024x1024.jpg 1024w, https:\/\/www.sentrex.com\/wp-content\/uploads\/2024\/09\/Infusions_Nursing_Header_Pharma_web-2048x2048.jpg 2048w, https:\/\/www.sentrex.com\/wp-content\/uploads\/2024\/09\/Infusions_Nursing_Header_Pharma_web-80x80.jpg 80w, https:\/\/www.sentrex.com\/wp-content\/uploads\/2024\/09\/Infusions_Nursing_Header_Pharma_web-186x186.jpg 186w, https:\/\/www.sentrex.com\/wp-content\/uploads\/2024\/09\/Infusions_Nursing_Header_Pharma_web-206x206.jpg 206w, https:\/\/www.sentrex.com\/wp-content\/uploads\/2024\/09\/Infusions_Nursing_Header_Pharma_web-238x238.jpg 238w, https:\/\/www.sentrex.com\/wp-content\/uploads\/2024\/09\/Infusions_Nursing_Header_Pharma_web-275x275.jpg 275w, https:\/\/www.sentrex.com\/wp-content\/uploads\/2024\/09\/Infusions_Nursing_Header_Pharma_web-428x428.jpg 428w, https:\/\/www.sentrex.com\/wp-content\/uploads\/2024\/09\/Infusions_Nursing_Header_Pharma_web-550x550.jpg 550w, https:\/\/www.sentrex.com\/wp-content\/uploads\/2024\/09\/Infusions_Nursing_Header_Pharma_web-580x580.jpg 580w, https:\/\/www.sentrex.com\/wp-content\/uploads\/2024\/09\/Infusions_Nursing_Header_Pharma_web-780x780.jpg 780w, https:\/\/www.sentrex.com\/wp-content\/uploads\/2024\/09\/Infusions_Nursing_Header_Pharma_web-885x885.jpg 885w, https:\/\/www.sentrex.com\/wp-content\/uploads\/2024\/09\/Infusions_Nursing_Header_Pharma_web-960x960.jpg 960w, https:\/\/www.sentrex.com\/wp-content\/uploads\/2024\/09\/Infusions_Nursing_Header_Pharma_web-1160x1160.jpg 1160w, https:\/\/www.sentrex.com\/wp-content\/uploads\/2024\/09\/Infusions_Nursing_Header_Pharma_web-1920x1920.jpg 1920w, https:\/\/www.sentrex.com\/wp-content\/uploads\/2024\/09\/Infusions_Nursing_Header_Pharma_web-1190x1190.jpg 1190w, https:\/\/www.sentrex.com\/wp-content\/uploads\/2024\/09\/Infusions_Nursing_Header_Pharma_web-935x935.jpg 935w, https:\/\/www.sentrex.com\/wp-content\/uploads\/2024\/09\/Infusions_Nursing_Header_Pharma_web-770x770.jpg 770w, https:\/\/www.sentrex.com\/wp-content\/uploads\/2024\/09\/Infusions_Nursing_Header_Pharma_web-500x500.jpg 500w, https:\/\/www.sentrex.com\/wp-content\/uploads\/2024\/09\/Infusions_Nursing_Header_Pharma_web-315x315.jpg 315w, https:\/\/www.sentrex.com\/wp-content\/uploads\/2024\/09\/Infusions_Nursing_Header_Pharma_web-60x60.jpg 60w, https:\/\/www.sentrex.com\/wp-content\/uploads\/2024\/09\/Infusions_Nursing_Header_Pharma_web-586x586.jpg 586w\" \/>\t\t\t\t\t\t\t\t\t\t\t\t\t\t\t<\/div>\n\t\t\t\t\t\t<\/div>\n\t\t\t\t\t<\/div>\n\t\t\t\t<\/div>\n\t\t\t<\/div>\n\t\t<\/section>\n\t\n\n\t\t<section class=\"media-text-image-a-block section-block with-background theme-peppermint with-background\" data-scroll-section>\n\t\t\t<div class=\"container\">\n\t\t\t\t<div class=\"content-wrapper\">\n\t\t\t\t\t<div class=\"row row-main\">\n\t\t\t\t\t\t<div class=\"col-md-4 offset-md-1 col-content\">\n\t\t\t\t\t\t\t<h2 class=\"title-2\">Pharmacie sp\u00e9cialis\u00e9e<\/h2>\n\t\t\t\t\t\t\t\t\t\t\t\t\t\t\t<div class=\"subtitle\">Des soins aux patients qui vont au-del\u00e0 de la d\u00e9livrance de m\u00e9dicaments<\/div>\n\t\t\t\t\t\t\t\n\t\t\t\t\t\t\t\t\t\t\t\t\t\t\t<div class=\"description\"><p>Notre \u00e9quipe exp\u00e9riment\u00e9e et bienveillante offre aux patients les soins sp\u00e9cialis\u00e9s n\u00e9cessaires pour leur permettre de g\u00e9rer leur maladie en toute confiance.<\/p>\n<\/div>\n\t\t\t\t\t\t\t\n\t\t\t\t\t\t\t\t\t\t\t\t\t\t\t<div class=\"btns\">\n\t\t\t\t\t\t\t\t\t\t\t\t\t\t\t\t\t\t\t\t\t\t<a href=\"https:\/\/www.sentrex.com\/fr\/contact#find-a-clinic\"\n\t\t\t\tclass=\"button button-primary\"\n\t\t\t\t\t\t\t\taria-label=\"Trouver une pharmacie\">\n\t\t\t\t<span class=\"button-mask\">\n\t\t\t\t\t<span class=\"mask-label\">Trouver une pharmacie<\/span>\n\t\t\t\t\t\t\t\t\t\t\t<span aria-hidden=\"true\" class=\"mask-extra-label\">Trouver une pharmacie<\/span>\n\t\t\t\t\t\t\t\t\t<\/span>\n\t\t\t<\/a>\n\t\t\t\t\t\t\t\t\t\t\t\t\t\t\t\t\t\t\t<\/div>\n\t\t\t\t\t\t\t\t\t\t\t\t\t<\/div>\n\n\t\t\t\t\t\t<div class=\"col-md-6 offset-md-1 col-image\">\n\t\t\t\t\t\t\t<div class=\"image-container\">\n\t\t\t\t\t\t\t\t\t\t\t\t\t\t\t\t\t<img decoding=\"async\" loading=\"lazy\" width=\"3000\" height=\"3000\" src=\"https:\/\/www.sentrex.com\/wp-content\/uploads\/2024\/09\/SpecialtyPharm_Header_Pharma_IMG_5084_web.jpg\" class=\"image\" alt=\"&quot;&quot;\" sizes=\"auto\" srcset=\"https:\/\/www.sentrex.com\/wp-content\/uploads\/2024\/09\/SpecialtyPharm_Header_Pharma_IMG_5084_web.jpg 3000w, https:\/\/www.sentrex.com\/wp-content\/uploads\/2024\/09\/SpecialtyPharm_Header_Pharma_IMG_5084_web-900x900.jpg 900w, https:\/\/www.sentrex.com\/wp-content\/uploads\/2024\/09\/SpecialtyPharm_Header_Pharma_IMG_5084_web-1280x1280.jpg 1280w, https:\/\/www.sentrex.com\/wp-content\/uploads\/2024\/09\/SpecialtyPharm_Header_Pharma_IMG_5084_web-1366x1366.jpg 1366w, https:\/\/www.sentrex.com\/wp-content\/uploads\/2024\/09\/SpecialtyPharm_Header_Pharma_IMG_5084_web-1440x1440.jpg 1440w, https:\/\/www.sentrex.com\/wp-content\/uploads\/2024\/09\/SpecialtyPharm_Header_Pharma_IMG_5084_web-1536x1536.jpg 1536w, https:\/\/www.sentrex.com\/wp-content\/uploads\/2024\/09\/SpecialtyPharm_Header_Pharma_IMG_5084_web-1600x1600.jpg 1600w, https:\/\/www.sentrex.com\/wp-content\/uploads\/2024\/09\/SpecialtyPharm_Header_Pharma_IMG_5084_web-150x150.jpg 150w, https:\/\/www.sentrex.com\/wp-content\/uploads\/2024\/09\/SpecialtyPharm_Header_Pharma_IMG_5084_web-300x300.jpg 300w, https:\/\/www.sentrex.com\/wp-content\/uploads\/2024\/09\/SpecialtyPharm_Header_Pharma_IMG_5084_web-768x768.jpg 768w, https:\/\/www.sentrex.com\/wp-content\/uploads\/2024\/09\/SpecialtyPharm_Header_Pharma_IMG_5084_web-1024x1024.jpg 1024w, https:\/\/www.sentrex.com\/wp-content\/uploads\/2024\/09\/SpecialtyPharm_Header_Pharma_IMG_5084_web-2048x2048.jpg 2048w, https:\/\/www.sentrex.com\/wp-content\/uploads\/2024\/09\/SpecialtyPharm_Header_Pharma_IMG_5084_web-80x80.jpg 80w, https:\/\/www.sentrex.com\/wp-content\/uploads\/2024\/09\/SpecialtyPharm_Header_Pharma_IMG_5084_web-186x186.jpg 186w, https:\/\/www.sentrex.com\/wp-content\/uploads\/2024\/09\/SpecialtyPharm_Header_Pharma_IMG_5084_web-206x206.jpg 206w, https:\/\/www.sentrex.com\/wp-content\/uploads\/2024\/09\/SpecialtyPharm_Header_Pharma_IMG_5084_web-238x238.jpg 238w, https:\/\/www.sentrex.com\/wp-content\/uploads\/2024\/09\/SpecialtyPharm_Header_Pharma_IMG_5084_web-275x275.jpg 275w, https:\/\/www.sentrex.com\/wp-content\/uploads\/2024\/09\/SpecialtyPharm_Header_Pharma_IMG_5084_web-428x428.jpg 428w, https:\/\/www.sentrex.com\/wp-content\/uploads\/2024\/09\/SpecialtyPharm_Header_Pharma_IMG_5084_web-550x550.jpg 550w, https:\/\/www.sentrex.com\/wp-content\/uploads\/2024\/09\/SpecialtyPharm_Header_Pharma_IMG_5084_web-580x580.jpg 580w, https:\/\/www.sentrex.com\/wp-content\/uploads\/2024\/09\/SpecialtyPharm_Header_Pharma_IMG_5084_web-780x780.jpg 780w, https:\/\/www.sentrex.com\/wp-content\/uploads\/2024\/09\/SpecialtyPharm_Header_Pharma_IMG_5084_web-885x885.jpg 885w, https:\/\/www.sentrex.com\/wp-content\/uploads\/2024\/09\/SpecialtyPharm_Header_Pharma_IMG_5084_web-960x960.jpg 960w, https:\/\/www.sentrex.com\/wp-content\/uploads\/2024\/09\/SpecialtyPharm_Header_Pharma_IMG_5084_web-1160x1160.jpg 1160w, https:\/\/www.sentrex.com\/wp-content\/uploads\/2024\/09\/SpecialtyPharm_Header_Pharma_IMG_5084_web-1920x1920.jpg 1920w, https:\/\/www.sentrex.com\/wp-content\/uploads\/2024\/09\/SpecialtyPharm_Header_Pharma_IMG_5084_web-1190x1190.jpg 1190w, https:\/\/www.sentrex.com\/wp-content\/uploads\/2024\/09\/SpecialtyPharm_Header_Pharma_IMG_5084_web-935x935.jpg 935w, https:\/\/www.sentrex.com\/wp-content\/uploads\/2024\/09\/SpecialtyPharm_Header_Pharma_IMG_5084_web-770x770.jpg 770w, https:\/\/www.sentrex.com\/wp-content\/uploads\/2024\/09\/SpecialtyPharm_Header_Pharma_IMG_5084_web-500x500.jpg 500w, https:\/\/www.sentrex.com\/wp-content\/uploads\/2024\/09\/SpecialtyPharm_Header_Pharma_IMG_5084_web-315x315.jpg 315w, https:\/\/www.sentrex.com\/wp-content\/uploads\/2024\/09\/SpecialtyPharm_Header_Pharma_IMG_5084_web-60x60.jpg 60w, https:\/\/www.sentrex.com\/wp-content\/uploads\/2024\/09\/SpecialtyPharm_Header_Pharma_IMG_5084_web-586x586.jpg 586w\" \/>\t\t\t\t\t\t\t\t\t\t\t\t\t\t\t<\/div>\n\t\t\t\t\t\t<\/div>\n\t\t\t\t\t<\/div>\n\t\t\t\t<\/div>\n\t\t\t<\/div>\n\t\t<\/section>\n\t","protected":false},"excerpt":{"rendered":"","protected":false},"author":6,"featured_media":0,"parent":0,"menu_order":27,"comment_status":"closed","ping_status":"closed","template":"","meta":{"_acf_changed":false,"footnotes":""},"class_list":["post-1196","page","type-page","status-publish","hentry"],"acf":[],"_links":{"self":[{"href":"https:\/\/www.sentrex.com\/fr\/wp-json\/wp\/v2\/pages\/1196","targetHints":{"allow":["GET"]}}],"collection":[{"href":"https:\/\/www.sentrex.com\/fr\/wp-json\/wp\/v2\/pages"}],"about":[{"href":"https:\/\/www.sentrex.com\/fr\/wp-json\/wp\/v2\/types\/page"}],"author":[{"embeddable":true,"href":"https:\/\/www.sentrex.com\/fr\/wp-json\/wp\/v2\/users\/6"}],"replies":[{"embeddable":true,"href":"https:\/\/www.sentrex.com\/fr\/wp-json\/wp\/v2\/comments?post=1196"}],"version-history":[{"count":4,"href":"https:\/\/www.sentrex.com\/fr\/wp-json\/wp\/v2\/pages\/1196\/revisions"}],"predecessor-version":[{"id":3099,"href":"https:\/\/www.sentrex.com\/fr\/wp-json\/wp\/v2\/pages\/1196\/revisions\/3099"}],"wp:attachment":[{"href":"https:\/\/www.sentrex.com\/fr\/wp-json\/wp\/v2\/media?parent=1196"}],"curies":[{"name":"wp","href":"https:\/\/api.w.org\/{rel}","templated":true}]}}