{"id":1207,"date":"2024-09-13T05:50:33","date_gmt":"2024-09-13T00:50:33","guid":{"rendered":"https:\/\/www.sentrex.com\/?page_id=1207"},"modified":"2025-04-02T17:57:52","modified_gmt":"2025-04-02T12:57:52","slug":"oncologie","status":"publish","type":"page","link":"https:\/\/www.sentrex.com\/fr\/professionnels-sante\/oncologie\/","title":{"rendered":"Oncologie"},"content":{"rendered":"\t\t<header class=\"header-page-title-block theme-green section-block with-background\" data-scroll-section>\n\t\t\t<div class=\"container\">\n\t\t\t\t<div class=\"content-wrapper\">\n\t\t\t\t\t<div class=\"row row-main\">\n\t\t\t\t\t\t<div class=\"col-md-6 col-content\">\n\t\t\t\t\t\t\t\t\t\t\t\t\t\t\t<h1 class=\"upper-title-1\">Oncologie<\/h1>\t\t\t\t\t\t\t\n\t\t\t\t\t\t\t<h2 class=\"title-1\">Haven de Sentrex\u00a0: r\u00e9pondre aux besoins non satisfaits dans les soins en oncologie<\/h2>\n\t\t\t\t\t\t\t\t\t\t\t\t\t\t\t<div class=\"description\"><p>Haven de Sentrex propose un ensemble complet de services con\u00e7us pour simplifier et accompagner la gestion de la plus vaste gamme de m\u00e9dicaments sp\u00e9cialis\u00e9s en oncologie.<\/p>\n<\/div>\n\t\t\t\t\t\t\t\t\t\t\t\t\t<\/div>\n\t\t\t\t\t<\/div>\n\t\t\t\t<\/div>\n\t\t\t<\/div>\n\t\t<\/header>\n\t\n\n\t\t<section class=\"media-text-image-sticky-a-block section-block theme-light reverse\" data-scroll-section>\n\t\t\t<div class=\"container\">\n\t\t\t\t<div class=\"content-wrapper\">\n\t\t\t\t\t<div class=\"row row-main\">\n\t\t\t\t\t\t<div class=\"col-md-6 col-lg-5 offset-lg-1 col-content\">\n\t\t\t\t\t\t\t<h2 class=\"title title-2\">Ce que nous pouvons faire pour vous<\/h2>\n\t\t\t\t\t\t\t\t\t\t\t\t\t\t\t<div class=\"description\"><p>Haven de Sentrex vous permet de passer moins de temps sur les formalit\u00e9s et les processus administratifs et de consacrer plus de temps aux soins des patients.<\/p>\n<ul>\n<li>Nous regroupons plusieurs programmes de soutien aux patients sous une m\u00eame banni\u00e8re, ce qui permet de gagner en efficacit\u00e9, de renforcer la capacit\u00e9 de votre clinique et de r\u00e9duire son fardeau administratif.<\/li>\n<li>Nous travaillons avec des oncologues m\u00e9dicaux, uro-oncologues, des oncologues radioth\u00e9rapeutes et des h\u00e9mato-oncologues pour former une \u00e9quipe soignante coordonn\u00e9e, afin de rationaliser la prise en charge des patients et d\u2019optimiser leur exp\u00e9rience.<\/li>\n<li>Nous acc\u00e9l\u00e9rons l\u2019acc\u00e8s aux traitements essentiels en oncologie en \u00e9liminant les t\u00e2ches r\u00e9p\u00e9titives et en simplifiant les formalit\u00e9s administratives.<\/li>\n<li>Nos principaux services s\u2019appuient sur l\u2019expertise des \u00e9quipes de soutien en pharmacie, dot\u00e9es de connaissances approfondies et d\u2019une vaste exp\u00e9rience en oncologie.<\/li>\n<\/ul>\n<\/div>\n\t\t\t\t\t\t\t\n\t\t\t\t\t\t\t\t\t\t\t\t\t\t\t<div class=\"btns\">\n\t\t\t\t\t\t\t\t\t\t\t\t\t\t\t\t\t\t\t\t\t\t<a href=\"https:\/\/www.sentrex.com\/fr\/contact\/\"\n\t\t\t\tclass=\"button button-primary\"\n\t\t\t\t\t\t\t\taria-label=\"Contacter notre \u00e9quipe\">\n\t\t\t\t<span class=\"button-mask\">\n\t\t\t\t\t<span class=\"mask-label\">Contacter notre \u00e9quipe<\/span>\n\t\t\t\t\t\t\t\t\t\t\t<span aria-hidden=\"true\" class=\"mask-extra-label\">Contacter notre \u00e9quipe<\/span>\n\t\t\t\t\t\t\t\t\t<\/span>\n\t\t\t<\/a>\n\t\t\t\t\t\t\t\t\t\t\t\t\t\t\t\t\t\t\t<\/div>\n\t\t\t\t\t\t\t\n\t\t\t\t\t\t\t\n\t\t\t\t\t\t\t\t\t\t\t\t\t<\/div>\n\n\t\t\t\t\t\t<div class=\"col-md-5 col-image\">\n\t\t\t\t\t\t\t<div class=\"image-container\" data-sticky data-sticky-breakpoint-disable=\"sm\">\n\t\t\t\t\t\t\t\t\t\t\t\t\t\t\t\t\t<img decoding=\"async\" loading=\"lazy\" width=\"3000\" height=\"3000\" src=\"https:\/\/www.sentrex.com\/wp-content\/uploads\/2024\/09\/HCPs_TherapyAreasALL_IMG_5566_web.jpg\" class=\"image\" alt=\"&quot;&quot;\" sizes=\"auto\" srcset=\"https:\/\/www.sentrex.com\/wp-content\/uploads\/2024\/09\/HCPs_TherapyAreasALL_IMG_5566_web.jpg 3000w, https:\/\/www.sentrex.com\/wp-content\/uploads\/2024\/09\/HCPs_TherapyAreasALL_IMG_5566_web-900x900.jpg 900w, https:\/\/www.sentrex.com\/wp-content\/uploads\/2024\/09\/HCPs_TherapyAreasALL_IMG_5566_web-1280x1280.jpg 1280w, https:\/\/www.sentrex.com\/wp-content\/uploads\/2024\/09\/HCPs_TherapyAreasALL_IMG_5566_web-1366x1366.jpg 1366w, https:\/\/www.sentrex.com\/wp-content\/uploads\/2024\/09\/HCPs_TherapyAreasALL_IMG_5566_web-1440x1440.jpg 1440w, https:\/\/www.sentrex.com\/wp-content\/uploads\/2024\/09\/HCPs_TherapyAreasALL_IMG_5566_web-1536x1536.jpg 1536w, https:\/\/www.sentrex.com\/wp-content\/uploads\/2024\/09\/HCPs_TherapyAreasALL_IMG_5566_web-1600x1600.jpg 1600w, https:\/\/www.sentrex.com\/wp-content\/uploads\/2024\/09\/HCPs_TherapyAreasALL_IMG_5566_web-150x150.jpg 150w, https:\/\/www.sentrex.com\/wp-content\/uploads\/2024\/09\/HCPs_TherapyAreasALL_IMG_5566_web-300x300.jpg 300w, https:\/\/www.sentrex.com\/wp-content\/uploads\/2024\/09\/HCPs_TherapyAreasALL_IMG_5566_web-768x768.jpg 768w, https:\/\/www.sentrex.com\/wp-content\/uploads\/2024\/09\/HCPs_TherapyAreasALL_IMG_5566_web-1024x1024.jpg 1024w, https:\/\/www.sentrex.com\/wp-content\/uploads\/2024\/09\/HCPs_TherapyAreasALL_IMG_5566_web-2048x2048.jpg 2048w, https:\/\/www.sentrex.com\/wp-content\/uploads\/2024\/09\/HCPs_TherapyAreasALL_IMG_5566_web-80x80.jpg 80w, https:\/\/www.sentrex.com\/wp-content\/uploads\/2024\/09\/HCPs_TherapyAreasALL_IMG_5566_web-186x186.jpg 186w, https:\/\/www.sentrex.com\/wp-content\/uploads\/2024\/09\/HCPs_TherapyAreasALL_IMG_5566_web-206x206.jpg 206w, https:\/\/www.sentrex.com\/wp-content\/uploads\/2024\/09\/HCPs_TherapyAreasALL_IMG_5566_web-238x238.jpg 238w, https:\/\/www.sentrex.com\/wp-content\/uploads\/2024\/09\/HCPs_TherapyAreasALL_IMG_5566_web-275x275.jpg 275w, https:\/\/www.sentrex.com\/wp-content\/uploads\/2024\/09\/HCPs_TherapyAreasALL_IMG_5566_web-428x428.jpg 428w, https:\/\/www.sentrex.com\/wp-content\/uploads\/2024\/09\/HCPs_TherapyAreasALL_IMG_5566_web-550x550.jpg 550w, https:\/\/www.sentrex.com\/wp-content\/uploads\/2024\/09\/HCPs_TherapyAreasALL_IMG_5566_web-580x580.jpg 580w, https:\/\/www.sentrex.com\/wp-content\/uploads\/2024\/09\/HCPs_TherapyAreasALL_IMG_5566_web-780x780.jpg 780w, https:\/\/www.sentrex.com\/wp-content\/uploads\/2024\/09\/HCPs_TherapyAreasALL_IMG_5566_web-885x885.jpg 885w, https:\/\/www.sentrex.com\/wp-content\/uploads\/2024\/09\/HCPs_TherapyAreasALL_IMG_5566_web-960x960.jpg 960w, https:\/\/www.sentrex.com\/wp-content\/uploads\/2024\/09\/HCPs_TherapyAreasALL_IMG_5566_web-1160x1160.jpg 1160w, https:\/\/www.sentrex.com\/wp-content\/uploads\/2024\/09\/HCPs_TherapyAreasALL_IMG_5566_web-1920x1920.jpg 1920w, https:\/\/www.sentrex.com\/wp-content\/uploads\/2024\/09\/HCPs_TherapyAreasALL_IMG_5566_web-1190x1190.jpg 1190w, https:\/\/www.sentrex.com\/wp-content\/uploads\/2024\/09\/HCPs_TherapyAreasALL_IMG_5566_web-935x935.jpg 935w, https:\/\/www.sentrex.com\/wp-content\/uploads\/2024\/09\/HCPs_TherapyAreasALL_IMG_5566_web-770x770.jpg 770w, https:\/\/www.sentrex.com\/wp-content\/uploads\/2024\/09\/HCPs_TherapyAreasALL_IMG_5566_web-500x500.jpg 500w, https:\/\/www.sentrex.com\/wp-content\/uploads\/2024\/09\/HCPs_TherapyAreasALL_IMG_5566_web-315x315.jpg 315w, https:\/\/www.sentrex.com\/wp-content\/uploads\/2024\/09\/HCPs_TherapyAreasALL_IMG_5566_web-60x60.jpg 60w, https:\/\/www.sentrex.com\/wp-content\/uploads\/2024\/09\/HCPs_TherapyAreasALL_IMG_5566_web-586x586.jpg 586w\" \/>\t\t\t\t\t\t\t\t\t\t\t\t\t\t\t<\/div>\n\t\t\t\t\t\t<\/div>\n\t\t\t\t\t<\/div>\n\t\t\t\t<\/div>\n\t\t\t<\/div>\n\t\t<\/section>\n\t\n\n\t\t<div class=\"group-testimonials-block section-block with-background theme-green with-background\" data-scroll-section data-group-testimonials-slider data-id=\"\">\n\t\t\t<div class=\"container\">\n\t\t\t\t<div class=\"content-wrapper\">\n\t\t\t\t\t<div class=\"row row-main\">\n\t\t\t\t\t\t<div class=\"col-md-12\">\n\t\t\t\t\t\t\t<div class=\"cards-slider splide\" data-splide-slider>\n\t\t\t\t\t\t\t\t<div class=\"splide__track\">\n\t\t\t\t\t\t\t\t\t<div class=\"splide__list\">\n\t\t\t\t\t\t\t\t\t\t\t\t\t\t\t\t\t\t\t\t\t<div class=\"splide__slide splide-slide\">\n\t\t\t\t\t\t\t\t\t\t\t\t\n<div class=\"group-testimonial-card\" data-testimonial-card>\n\t<figure class=\"figure\">\n\t\t<blockquote class=\"blockquote\">\n\t\t\t<div class=\"text title-3\">\u00ab Certaines journ\u00e9es de travail sont plus difficiles que d\u2019autres. Mais gr\u00e2ce \u00e0 votre travail acharn\u00e9, votre engagement et votre pr\u00e9cieux soutien, vous simplifiez grandement notre quotidien. Nous sommes infiniment reconnaissants de pouvoir compter sur une personne aussi d\u00e9vou\u00e9e que vous pour nous accompagner dans la gestion de notre clinique. \u00bb<\/div>\n\t\t<\/blockquote>\n\t\t\t\t\t<figcaption class=\"footer\">\n\t\t\t\t\t\t\t\t\t<span class=\"author title-5\">un professionnel de la sant\u00e9 plein de gratitude<\/span>\n\t\t\t\t\t\t\t\t\t\t\t<\/figcaption>\n\t\t\t<\/figure>\n<\/div>\t\t\t\t\t\t\t\t\t\t\t<\/div>\n\t\t\t\t\t\t\t\t\t\t\t\t\t\t\t\t\t\t\t\t\t<div class=\"splide__slide splide-slide\">\n\t\t\t\t\t\t\t\t\t\t\t\t\n<div class=\"group-testimonial-card\" data-testimonial-card>\n\t<figure class=\"figure\">\n\t\t<blockquote class=\"blockquote\">\n\t\t\t<div class=\"text title-3\">\u00ab Votre \u00e9quipe est remarquable, et je suis reconnaissant pour tout ce qu\u2019elle fait pour mes patients. \u00bb<\/div>\n\t\t<\/blockquote>\n\t\t\t\t\t<figcaption class=\"footer\">\n\t\t\t\t\t\t\t\t\t<span class=\"author title-5\">un professionnel de la sant\u00e9 combl\u00e9<\/span>\n\t\t\t\t\t\t\t\t\t\t\t<\/figcaption>\n\t\t\t<\/figure>\n<\/div>\t\t\t\t\t\t\t\t\t\t\t<\/div>\n\t\t\t\t\t\t\t\t\t\t\t\t\t\t\t\t\t\t\t\t\t<div class=\"splide__slide splide-slide\">\n\t\t\t\t\t\t\t\t\t\t\t\t\n<div class=\"group-testimonial-card\" data-testimonial-card>\n\t<figure class=\"figure\">\n\t\t<blockquote class=\"blockquote\">\n\t\t\t<div class=\"text title-3\">\u00ab Merci infiniment pour tout le travail que vous accomplissez pour nous! Nous sommes tr\u00e8s heureux de vous compter parmi les membres de notre \u00e9quipe! \u00bb<\/div>\n\t\t<\/blockquote>\n\t\t\t\t\t<figcaption class=\"footer\">\n\t\t\t\t\t\t\t\t\t<span class=\"author title-5\">un gestionnaire de clinique combl\u00e9<\/span>\n\t\t\t\t\t\t\t\t\t\t\t<\/figcaption>\n\t\t\t<\/figure>\n<\/div>\t\t\t\t\t\t\t\t\t\t\t<\/div>\n\t\t\t\t\t\t\t\t\t\t\t\t\t\t\t\t\t\t\t<\/div>\n\t\t\t\t\t\t\t\t<\/div>\n\t\t\t\t\t\t\t\t\t\t\t\t\t\t\t\t<div class=\"group-slider-navigation active\">\n\t<div class=\"splide__arrows slider-navigation\">\n\t\t<div class=\"splide__arrows arrows-wrapper\">\n\t\t\t\t\t\t<button class=\"button button-primary button-icon splide__arrow splide__arrow--prev\" >\n\t\t\t\t<span class=\"button-mask\">\n\t\t\t\t\t<span class=\"mask-label\"><i class=\"icon icon-chevron-left\" aria-hidden=\"true\"><\/i><\/span>\n\t\t\t\t\t\t\t\t\t\t\t<span aria-hidden=\"true\" class=\"mask-extra-label\"><i class=\"icon icon-chevron-left\" aria-hidden=\"true\"><\/i><\/span>\n\t\t\t\t\t\t\t\t\t<\/span>\n\t\t\t<\/button>\n\t\t\t\t\t\t\t\t<button class=\"button button-primary button-icon splide__arrow splide__arrow--next\" >\n\t\t\t\t<span class=\"button-mask\">\n\t\t\t\t\t<span class=\"mask-label\"><i class=\"icon icon-chevron-right\" aria-hidden=\"true\"><\/i><\/span>\n\t\t\t\t\t\t\t\t\t\t\t<span aria-hidden=\"true\" class=\"mask-extra-label\"><i class=\"icon icon-chevron-right\" aria-hidden=\"true\"><\/i><\/span>\n\t\t\t\t\t\t\t\t\t<\/span>\n\t\t\t<\/button>\n\t\t\t\t<\/div>\n\t<\/div>\n<\/div>\t\t\t\t\t\t\t<\/div>\n\t\t\t\t\t\t<\/div>\n\t\t\t\t\t<\/div>\n\t\t\t\t<\/div>\n\t\t\t<\/div>\n\t\t<\/div>\n\t\n\n\t\t<section class=\"media-text-image-a-block section-block with-background theme-peppermint with-background\" data-scroll-section>\n\t\t\t<div class=\"container\">\n\t\t\t\t<div class=\"content-wrapper\">\n\t\t\t\t\t<div class=\"row row-main\">\n\t\t\t\t\t\t<div class=\"col-md-4 offset-md-1 col-content\">\n\t\t\t\t\t\t\t<h2 class=\"title-2\">Pharmacie sp\u00e9cialis\u00e9e<\/h2>\n\t\t\t\t\t\t\t\t\t\t\t\t\t\t\t<div class=\"subtitle\">Des soins aux patients qui vont au-del\u00e0 de la d\u00e9livrance de m\u00e9dicaments<\/div>\n\t\t\t\t\t\t\t\n\t\t\t\t\t\t\t\t\t\t\t\t\t\t\t<div class=\"description\"><p>Notre \u00e9quipe exp\u00e9riment\u00e9e et bienveillante offre aux patients les soins sp\u00e9cialis\u00e9s n\u00e9cessaires pour leur permettre de g\u00e9rer leur maladie en toute confiance.<\/p>\n<\/div>\n\t\t\t\t\t\t\t\n\t\t\t\t\t\t\t\t\t\t\t\t\t\t\t<div class=\"btns\">\n\t\t\t\t\t\t\t\t\t\t\t\t\t\t\t\t\t\t\t\t\t\t<a href=\"https:\/\/www.sentrex.com\/fr\/contact#find-a-clinic\"\n\t\t\t\tclass=\"button button-primary\"\n\t\t\t\t\t\t\t\taria-label=\"Trouver une pharmacie\">\n\t\t\t\t<span class=\"button-mask\">\n\t\t\t\t\t<span class=\"mask-label\">Trouver une pharmacie<\/span>\n\t\t\t\t\t\t\t\t\t\t\t<span aria-hidden=\"true\" class=\"mask-extra-label\">Trouver une pharmacie<\/span>\n\t\t\t\t\t\t\t\t\t<\/span>\n\t\t\t<\/a>\n\t\t\t\t\t\t\t\t\t\t\t\t\t\t\t\t\t\t\t<\/div>\n\t\t\t\t\t\t\t\t\t\t\t\t\t<\/div>\n\n\t\t\t\t\t\t<div class=\"col-md-6 offset-md-1 col-image\">\n\t\t\t\t\t\t\t<div class=\"image-container\">\n\t\t\t\t\t\t\t\t\t\t\t\t\t\t\t\t\t<img decoding=\"async\" loading=\"lazy\" width=\"3000\" height=\"3000\" src=\"https:\/\/www.sentrex.com\/wp-content\/uploads\/2024\/09\/SpecialtyPharm_Header_Pharma_IMG_5084_web.jpg\" class=\"image\" alt=\"&quot;&quot;\" sizes=\"auto\" srcset=\"https:\/\/www.sentrex.com\/wp-content\/uploads\/2024\/09\/SpecialtyPharm_Header_Pharma_IMG_5084_web.jpg 3000w, https:\/\/www.sentrex.com\/wp-content\/uploads\/2024\/09\/SpecialtyPharm_Header_Pharma_IMG_5084_web-900x900.jpg 900w, https:\/\/www.sentrex.com\/wp-content\/uploads\/2024\/09\/SpecialtyPharm_Header_Pharma_IMG_5084_web-1280x1280.jpg 1280w, https:\/\/www.sentrex.com\/wp-content\/uploads\/2024\/09\/SpecialtyPharm_Header_Pharma_IMG_5084_web-1366x1366.jpg 1366w, https:\/\/www.sentrex.com\/wp-content\/uploads\/2024\/09\/SpecialtyPharm_Header_Pharma_IMG_5084_web-1440x1440.jpg 1440w, https:\/\/www.sentrex.com\/wp-content\/uploads\/2024\/09\/SpecialtyPharm_Header_Pharma_IMG_5084_web-1536x1536.jpg 1536w, https:\/\/www.sentrex.com\/wp-content\/uploads\/2024\/09\/SpecialtyPharm_Header_Pharma_IMG_5084_web-1600x1600.jpg 1600w, https:\/\/www.sentrex.com\/wp-content\/uploads\/2024\/09\/SpecialtyPharm_Header_Pharma_IMG_5084_web-150x150.jpg 150w, https:\/\/www.sentrex.com\/wp-content\/uploads\/2024\/09\/SpecialtyPharm_Header_Pharma_IMG_5084_web-300x300.jpg 300w, https:\/\/www.sentrex.com\/wp-content\/uploads\/2024\/09\/SpecialtyPharm_Header_Pharma_IMG_5084_web-768x768.jpg 768w, https:\/\/www.sentrex.com\/wp-content\/uploads\/2024\/09\/SpecialtyPharm_Header_Pharma_IMG_5084_web-1024x1024.jpg 1024w, https:\/\/www.sentrex.com\/wp-content\/uploads\/2024\/09\/SpecialtyPharm_Header_Pharma_IMG_5084_web-2048x2048.jpg 2048w, https:\/\/www.sentrex.com\/wp-content\/uploads\/2024\/09\/SpecialtyPharm_Header_Pharma_IMG_5084_web-80x80.jpg 80w, https:\/\/www.sentrex.com\/wp-content\/uploads\/2024\/09\/SpecialtyPharm_Header_Pharma_IMG_5084_web-186x186.jpg 186w, https:\/\/www.sentrex.com\/wp-content\/uploads\/2024\/09\/SpecialtyPharm_Header_Pharma_IMG_5084_web-206x206.jpg 206w, https:\/\/www.sentrex.com\/wp-content\/uploads\/2024\/09\/SpecialtyPharm_Header_Pharma_IMG_5084_web-238x238.jpg 238w, https:\/\/www.sentrex.com\/wp-content\/uploads\/2024\/09\/SpecialtyPharm_Header_Pharma_IMG_5084_web-275x275.jpg 275w, https:\/\/www.sentrex.com\/wp-content\/uploads\/2024\/09\/SpecialtyPharm_Header_Pharma_IMG_5084_web-428x428.jpg 428w, https:\/\/www.sentrex.com\/wp-content\/uploads\/2024\/09\/SpecialtyPharm_Header_Pharma_IMG_5084_web-550x550.jpg 550w, https:\/\/www.sentrex.com\/wp-content\/uploads\/2024\/09\/SpecialtyPharm_Header_Pharma_IMG_5084_web-580x580.jpg 580w, https:\/\/www.sentrex.com\/wp-content\/uploads\/2024\/09\/SpecialtyPharm_Header_Pharma_IMG_5084_web-780x780.jpg 780w, https:\/\/www.sentrex.com\/wp-content\/uploads\/2024\/09\/SpecialtyPharm_Header_Pharma_IMG_5084_web-885x885.jpg 885w, https:\/\/www.sentrex.com\/wp-content\/uploads\/2024\/09\/SpecialtyPharm_Header_Pharma_IMG_5084_web-960x960.jpg 960w, https:\/\/www.sentrex.com\/wp-content\/uploads\/2024\/09\/SpecialtyPharm_Header_Pharma_IMG_5084_web-1160x1160.jpg 1160w, https:\/\/www.sentrex.com\/wp-content\/uploads\/2024\/09\/SpecialtyPharm_Header_Pharma_IMG_5084_web-1920x1920.jpg 1920w, https:\/\/www.sentrex.com\/wp-content\/uploads\/2024\/09\/SpecialtyPharm_Header_Pharma_IMG_5084_web-1190x1190.jpg 1190w, https:\/\/www.sentrex.com\/wp-content\/uploads\/2024\/09\/SpecialtyPharm_Header_Pharma_IMG_5084_web-935x935.jpg 935w, https:\/\/www.sentrex.com\/wp-content\/uploads\/2024\/09\/SpecialtyPharm_Header_Pharma_IMG_5084_web-770x770.jpg 770w, https:\/\/www.sentrex.com\/wp-content\/uploads\/2024\/09\/SpecialtyPharm_Header_Pharma_IMG_5084_web-500x500.jpg 500w, https:\/\/www.sentrex.com\/wp-content\/uploads\/2024\/09\/SpecialtyPharm_Header_Pharma_IMG_5084_web-315x315.jpg 315w, https:\/\/www.sentrex.com\/wp-content\/uploads\/2024\/09\/SpecialtyPharm_Header_Pharma_IMG_5084_web-60x60.jpg 60w, https:\/\/www.sentrex.com\/wp-content\/uploads\/2024\/09\/SpecialtyPharm_Header_Pharma_IMG_5084_web-586x586.jpg 586w\" \/>\t\t\t\t\t\t\t\t\t\t\t\t\t\t\t<\/div>\n\t\t\t\t\t\t<\/div>\n\t\t\t\t\t<\/div>\n\t\t\t\t<\/div>\n\t\t\t<\/div>\n\t\t<\/section>\n\t","protected":false},"excerpt":{"rendered":"","protected":false},"author":6,"featured_media":0,"parent":1196,"menu_order":35,"comment_status":"closed","ping_status":"closed","template":"","meta":{"_acf_changed":false,"footnotes":""},"class_list":["post-1207","page","type-page","status-publish","hentry"],"acf":[],"_links":{"self":[{"href":"https:\/\/www.sentrex.com\/fr\/wp-json\/wp\/v2\/pages\/1207","targetHints":{"allow":["GET"]}}],"collection":[{"href":"https:\/\/www.sentrex.com\/fr\/wp-json\/wp\/v2\/pages"}],"about":[{"href":"https:\/\/www.sentrex.com\/fr\/wp-json\/wp\/v2\/types\/page"}],"author":[{"embeddable":true,"href":"https:\/\/www.sentrex.com\/fr\/wp-json\/wp\/v2\/users\/6"}],"replies":[{"embeddable":true,"href":"https:\/\/www.sentrex.com\/fr\/wp-json\/wp\/v2\/comments?post=1207"}],"version-history":[{"count":1,"href":"https:\/\/www.sentrex.com\/fr\/wp-json\/wp\/v2\/pages\/1207\/revisions"}],"predecessor-version":[{"id":1208,"href":"https:\/\/www.sentrex.com\/fr\/wp-json\/wp\/v2\/pages\/1207\/revisions\/1208"}],"up":[{"embeddable":true,"href":"https:\/\/www.sentrex.com\/fr\/wp-json\/wp\/v2\/pages\/1196"}],"wp:attachment":[{"href":"https:\/\/www.sentrex.com\/fr\/wp-json\/wp\/v2\/media?parent=1207"}],"curies":[{"name":"wp","href":"https:\/\/api.w.org\/{rel}","templated":true}]}}