{"id":1224,"date":"2024-08-12T17:17:58","date_gmt":"2024-08-12T12:17:58","guid":{"rendered":"https:\/\/www.sentrex.com\/?page_id=1224"},"modified":"2025-04-02T17:49:18","modified_gmt":"2025-04-02T12:49:18","slug":"notre-technologie","status":"publish","type":"page","link":"https:\/\/www.sentrex.com\/fr\/partenaires-industrie-pharmaceutique\/notre-technologie\/","title":{"rendered":"Notre technologie"},"content":{"rendered":"\t\t<header class=\"header-primary-block theme-green section-block with-background\" data-scroll-section>\n\t\t\t<div class=\"container\">\n\t\t\t\t<div class=\"content-wrapper\">\n\t\t\t\t\t<div class=\"row row-main\">\n\t\t\t\t\t\t<div class=\"col-xl-5 col-md-6 col-content\">\n\t\t\t\t\t\t\t\t\t\t\t\t\t\t\t<h1 class=\"upper-title-1\">Notre technologie<\/h1>\t\t\t\t\t\t\t\n\t\t\t\t\t\t\t<h2 class=\"title-1\">Des informations en temps r\u00e9el, des r\u00e9sultats concrets<\/h2>\n\t\t\t\t\t\t\t\t\t\t\t\t\t\t\t<div class=\"description\"><p>Notre plateforme enti\u00e8rement int\u00e9gr\u00e9e Luminav<sup>MD<\/sup>\u00a0constitue la colonne vert\u00e9brale de nos programmes de soutien aux patients, offrant efficacit\u00e9, pr\u00e9vention des erreurs et acc\u00e8s instantan\u00e9 \u00e0 des donn\u00e9es en temps r\u00e9el.<\/p>\n<\/div>\n\t\t\t\t\t\t\t\n\t\t\t\t\t\t\t\t\t\t\t\t\t<\/div>\n\n\t\t\t\t\t\t<div class=\"col-xl-6 offset-xl-1 col-md-6 offset-md-0 col-image\">\n\t\t\t\t\t\t\t<div class=\"image-container\">\n\t\t\t\t\t\t\t\t\t\t\t\t\t\t\t\t\t<img decoding=\"async\" loading=\"lazy\" width=\"2500\" height=\"2500\" src=\"https:\/\/www.sentrex.com\/wp-content\/uploads\/2024\/09\/OurTech_Header_Pharma.jpg\" class=\"image\" alt=\"&quot;&quot;\" sizes=\"auto\" srcset=\"https:\/\/www.sentrex.com\/wp-content\/uploads\/2024\/09\/OurTech_Header_Pharma.jpg 2500w, https:\/\/www.sentrex.com\/wp-content\/uploads\/2024\/09\/OurTech_Header_Pharma-900x900.jpg 900w, https:\/\/www.sentrex.com\/wp-content\/uploads\/2024\/09\/OurTech_Header_Pharma-1280x1280.jpg 1280w, https:\/\/www.sentrex.com\/wp-content\/uploads\/2024\/09\/OurTech_Header_Pharma-1366x1366.jpg 1366w, https:\/\/www.sentrex.com\/wp-content\/uploads\/2024\/09\/OurTech_Header_Pharma-1440x1440.jpg 1440w, https:\/\/www.sentrex.com\/wp-content\/uploads\/2024\/09\/OurTech_Header_Pharma-1536x1536.jpg 1536w, https:\/\/www.sentrex.com\/wp-content\/uploads\/2024\/09\/OurTech_Header_Pharma-1600x1600.jpg 1600w, https:\/\/www.sentrex.com\/wp-content\/uploads\/2024\/09\/OurTech_Header_Pharma-150x150.jpg 150w, https:\/\/www.sentrex.com\/wp-content\/uploads\/2024\/09\/OurTech_Header_Pharma-300x300.jpg 300w, https:\/\/www.sentrex.com\/wp-content\/uploads\/2024\/09\/OurTech_Header_Pharma-768x768.jpg 768w, https:\/\/www.sentrex.com\/wp-content\/uploads\/2024\/09\/OurTech_Header_Pharma-1024x1024.jpg 1024w, https:\/\/www.sentrex.com\/wp-content\/uploads\/2024\/09\/OurTech_Header_Pharma-2048x2048.jpg 2048w, https:\/\/www.sentrex.com\/wp-content\/uploads\/2024\/09\/OurTech_Header_Pharma-80x80.jpg 80w, https:\/\/www.sentrex.com\/wp-content\/uploads\/2024\/09\/OurTech_Header_Pharma-186x186.jpg 186w, https:\/\/www.sentrex.com\/wp-content\/uploads\/2024\/09\/OurTech_Header_Pharma-206x206.jpg 206w, https:\/\/www.sentrex.com\/wp-content\/uploads\/2024\/09\/OurTech_Header_Pharma-238x238.jpg 238w, https:\/\/www.sentrex.com\/wp-content\/uploads\/2024\/09\/OurTech_Header_Pharma-275x275.jpg 275w, https:\/\/www.sentrex.com\/wp-content\/uploads\/2024\/09\/OurTech_Header_Pharma-428x428.jpg 428w, https:\/\/www.sentrex.com\/wp-content\/uploads\/2024\/09\/OurTech_Header_Pharma-550x550.jpg 550w, https:\/\/www.sentrex.com\/wp-content\/uploads\/2024\/09\/OurTech_Header_Pharma-580x580.jpg 580w, https:\/\/www.sentrex.com\/wp-content\/uploads\/2024\/09\/OurTech_Header_Pharma-780x780.jpg 780w, https:\/\/www.sentrex.com\/wp-content\/uploads\/2024\/09\/OurTech_Header_Pharma-885x885.jpg 885w, https:\/\/www.sentrex.com\/wp-content\/uploads\/2024\/09\/OurTech_Header_Pharma-960x960.jpg 960w, https:\/\/www.sentrex.com\/wp-content\/uploads\/2024\/09\/OurTech_Header_Pharma-1160x1160.jpg 1160w, https:\/\/www.sentrex.com\/wp-content\/uploads\/2024\/09\/OurTech_Header_Pharma-1920x1920.jpg 1920w, https:\/\/www.sentrex.com\/wp-content\/uploads\/2024\/09\/OurTech_Header_Pharma-1190x1190.jpg 1190w, https:\/\/www.sentrex.com\/wp-content\/uploads\/2024\/09\/OurTech_Header_Pharma-935x935.jpg 935w, https:\/\/www.sentrex.com\/wp-content\/uploads\/2024\/09\/OurTech_Header_Pharma-770x770.jpg 770w, https:\/\/www.sentrex.com\/wp-content\/uploads\/2024\/09\/OurTech_Header_Pharma-500x500.jpg 500w, https:\/\/www.sentrex.com\/wp-content\/uploads\/2024\/09\/OurTech_Header_Pharma-315x315.jpg 315w, https:\/\/www.sentrex.com\/wp-content\/uploads\/2024\/09\/OurTech_Header_Pharma-60x60.jpg 60w, https:\/\/www.sentrex.com\/wp-content\/uploads\/2024\/09\/OurTech_Header_Pharma-586x586.jpg 586w\" \/>\t\t\t\t\t\t\t\t\t\t\t\t\t\t\t<\/div>\n\t\t\t\t\t\t<\/div>\n\t\t\t\t\t<\/div>\n\t\t\t\t<\/div>\n\t\t\t<\/div>\n\t\t<\/header>\n\t\n\n\t\t\t\t\t\t\t<section class=\"list-text-drawers-block section-block theme-peppermint with-background\" data-scroll-section>\n\t\t\t\t<div class=\"container\">\n\t\t\t\t\t<div class=\"row row-main\">\n\t\t\t\t\t\t<div class=\"col-md-5\">\n\t\t\t\t\t\t\t<h2 class=\"title-2\">Ce que notre technologie peut vous apporter<\/h2>\n\t\t\t\t\t\t\t\t\t\t\t\t\t\t\t<div class=\"description\"><p>Luminav<sup>MD<\/sup>, l\u2019\u00e9cosyst\u00e8me des soins sp\u00e9cialis\u00e9s, simplifie la gestion des programmes de soutien, augmente l\u2019efficacit\u00e9 en clinique, implique les patients dans leurs soins et permet d\u2019acc\u00e9l\u00e9rer l\u2019acc\u00e8s aux m\u00e9dicaments.<\/p>\n<\/div>\n\t\t\t\t\t\t\t\n\t\t\t\t\t\t\t\t\t\t\t\t\t<\/div>\n\t\t\t\t\t\t<div class=\"col-md-6 offset-md-1\">\n\t\t\t\t\t\t\t\n\n\t<div class=\"open-collapse-container\" data-collapser-module=\"default\">\n\t\t\t\t\t\t\t\t\t\t\t\t<div class=\"open-collapse-wrapper\" data-collapser=\"1c80f68307ce5de167e51e2e91c3f22c0\">\n\t\t\t\t\t<button type=\"button\" id=\"collapseTitle-1c80f68307ce5de167e51e2e91c3f22c0\" class=\"open-collapse-title title-4\" data-collapser-controller>\n\t\t\t\t\t\tUne commercialisation acc\u00e9l\u00e9r\u00e9e\t\t\t\t\t\t<span class=\"toggle-btn\" aria-hidden=\"true\">\n\t\t\t\t\t\t\t<i class=\"icon-chevron-down\" aria-hidden=\"true\"><\/i>\n\t\t\t\t\t\t<\/span>\n\t\t\t\t\t<\/button>\n\t\t\t\t\t<div id=\"collapseContent-1c80f68307ce5de167e51e2e91c3f22c0\" class=\"open-collapse-content\" data-collapser-content>\n\t\t\t\t\t\t<div class=\"oc-content-mask\">\n\t\t\t\t\t\t\t<div class=\"oc-content-inner\">\n\t\t\t\t\t\t\t\t<p>L\u2019int\u00e9gration d\u2019un logiciel de gestion des formulaires permet de les pr\u00e9remplir rapidement, ce qui facilite la collecte des signatures \u00e9lectroniques des m\u00e9decins et des patients.<\/p>\n\n\t\t\t\t\t\t\t\t\t\t\t\t\t\t\t<\/div>\n\t\t\t\t\t\t<\/div>\n\t\t\t\t\t<\/div>\n\t\t\t\t<\/div>\n\t\t\t\t\t\t\t\t\t\t\t\t\t\t\t<div class=\"open-collapse-wrapper\" data-collapser=\"633e92c48f86292abf4a9b11bb490e3c1\">\n\t\t\t\t\t<button type=\"button\" id=\"collapseTitle-633e92c48f86292abf4a9b11bb490e3c1\" class=\"open-collapse-title title-4\" data-collapser-controller>\n\t\t\t\t\t\tUne automatisation et de l&#8217;efficacit\u00e9\t\t\t\t\t\t<span class=\"toggle-btn\" aria-hidden=\"true\">\n\t\t\t\t\t\t\t<i class=\"icon-chevron-down\" aria-hidden=\"true\"><\/i>\n\t\t\t\t\t\t<\/span>\n\t\t\t\t\t<\/button>\n\t\t\t\t\t<div id=\"collapseContent-633e92c48f86292abf4a9b11bb490e3c1\" class=\"open-collapse-content\" data-collapser-content>\n\t\t\t\t\t\t<div class=\"oc-content-mask\">\n\t\t\t\t\t\t\t<div class=\"oc-content-inner\">\n\t\t\t\t\t\t\t\t<p>Luminav<sup>MD<\/sup> offre une efficacit\u00e9 in\u00e9gal\u00e9e gr\u00e2ce \u00e0 des flux de travail automatis\u00e9s, \u00e0 la simplification des t\u00e2ches \u00e0 l\u2019optimisation des op\u00e9rations.<\/p>\n\n\t\t\t\t\t\t\t\t\t\t\t\t\t\t\t<\/div>\n\t\t\t\t\t\t<\/div>\n\t\t\t\t\t<\/div>\n\t\t\t\t<\/div>\n\t\t\t\t\t\t\t\t\t\t\t\t\t\t\t<div class=\"open-collapse-wrapper\" data-collapser=\"9751598c5fe430ec43cd60d2f7e700922\">\n\t\t\t\t\t<button type=\"button\" id=\"collapseTitle-9751598c5fe430ec43cd60d2f7e700922\" class=\"open-collapse-title title-4\" data-collapser-controller>\n\t\t\t\t\t\tUne meilleure coordination des soins\t\t\t\t\t\t<span class=\"toggle-btn\" aria-hidden=\"true\">\n\t\t\t\t\t\t\t<i class=\"icon-chevron-down\" aria-hidden=\"true\"><\/i>\n\t\t\t\t\t\t<\/span>\n\t\t\t\t\t<\/button>\n\t\t\t\t\t<div id=\"collapseContent-9751598c5fe430ec43cd60d2f7e700922\" class=\"open-collapse-content\" data-collapser-content>\n\t\t\t\t\t\t<div class=\"oc-content-mask\">\n\t\t\t\t\t\t\t<div class=\"oc-content-inner\">\n\t\t\t\t\t\t\t\t<p>Notre portail destin\u00e9 aux m\u00e9decins et au personnel infirmier (accessible sur mobile, sur Internet et gr\u00e2ce \u00e0 certaines int\u00e9grations DME) permet l\u2019inscription plus rapide des patients, r\u00e9duit les erreurs et offre des rapports d\u00e9taill\u00e9s au niveau des cliniques.<\/p>\n\n\t\t\t\t\t\t\t\t\t\t\t\t\t\t\t<\/div>\n\t\t\t\t\t\t<\/div>\n\t\t\t\t\t<\/div>\n\t\t\t\t<\/div>\n\t\t\t\t\t\t\t\t\t\t\t\t\t\t\t<div class=\"open-collapse-wrapper\" data-collapser=\"a0d61d0a03e0b46a55d95ed5737234513\">\n\t\t\t\t\t<button type=\"button\" id=\"collapseTitle-a0d61d0a03e0b46a55d95ed5737234513\" class=\"open-collapse-title title-4\" data-collapser-controller>\n\t\t\t\t\t\tDes donn\u00e9es fiables\t\t\t\t\t\t<span class=\"toggle-btn\" aria-hidden=\"true\">\n\t\t\t\t\t\t\t<i class=\"icon-chevron-down\" aria-hidden=\"true\"><\/i>\n\t\t\t\t\t\t<\/span>\n\t\t\t\t\t<\/button>\n\t\t\t\t\t<div id=\"collapseContent-a0d61d0a03e0b46a55d95ed5737234513\" class=\"open-collapse-content\" data-collapser-content>\n\t\t\t\t\t\t<div class=\"oc-content-mask\">\n\t\t\t\t\t\t\t<div class=\"oc-content-inner\">\n\t\t\t\t\t\t\t\t<p>Notre plateforme int\u00e9gr\u00e9e permet une collecte fiable des donn\u00e9es en temps r\u00e9el et g\u00e9n\u00e8re des rapports pertinents. Cela concerne \u00e9galement le portail patient Luminav<sup>MD<\/sup>, dot\u00e9 de fonctionnalit\u00e9s int\u00e9gr\u00e9es pour recueillir les r\u00e9sultats rapport\u00e9s par les patients.<\/p>\n\n\t\t\t\t\t\t\t\t\t\t\t\t\t\t\t<\/div>\n\t\t\t\t\t\t<\/div>\n\t\t\t\t\t<\/div>\n\t\t\t\t<\/div>\n\t\t\t\t\t\t<\/div>\n\t\t\t\t\t\t<\/div>\n\t\t\t\t\t<\/div>\n\t\t\t\t<\/div>\n\t\t\t<\/section>\n\t\t\t\n\n\t\t<div class=\"group-links-block section-block\" data-scroll-section>\n\t\t\t<div class=\"container\">\n\t\t\t\t\t\t\t\t\t<div class=\"row row-title\">\n\t\t\t\t\t\t<div class=\"col-md-12\">\n\t\t\t\t\t\t\t<h2 class=\"upper-title upper-title-1\">D\u00e9couvrez nos autres domaines d&#8217;expertise<\/h2>\t\t\t\t\t\t<\/div>\n\t\t\t\t\t<\/div>\n\t\t\t\t\t\t\t\t<div class=\"row row-main\">\n\t\t\t\t\t<div class=\"col-md-12\">\n\t\t\t\t\t\t<div class=\"link-group-wrapper\">\n\t\t\t\t\t\t\t\t\t\t\t\t\t\t\t<article class=\"link-group\">\n\t\t\t\t\t\t\t\t\t\t\t\t\t\t\t\t\t\t\t\t\t\t\t\t\t\t\t\t\t<a href=\"https:\/\/www.sentrex.com\/fr\/partenaires-industrie-pharmaceutique\/programmes-de-soutien-aux-patients\/\" class=\"link-overlay\" aria-label=\"Programmes de soutien aux patients\" ><\/a>\n\t\t\t\t\t\t\t\t\t\t\t\t\t\t\t\t\t\t<h3 class=\"title title-5\">Programmes de soutien aux patients<\/h3>\t\t\t\t\t\t\t\t\t\t\t\t\t\t\t\t\t\t\t<div class=\"description\">Des solutions sur mesure pour vos patients et votre marque.<\/div>\n\t\t\t\t\t\t\t\t\t\t\t\t\t\t\t\t\t<\/article>\n\t\t\t\t\t\t\t\t\t\t\t\t\t\t\t<article class=\"link-group\">\n\t\t\t\t\t\t\t\t\t\t\t\t\t\t\t\t\t\t\t\t\t\t\t\t\t\t\t\t\t<a href=\"https:\/\/www.sentrex.com\/fr\/partenaires-industrie-pharmaceutique\/services-strategiques-creation-publicitaire\/\" class=\"link-overlay\" aria-label=\"Services strat\u00e9giques de cr\u00e9ation publicitaire\" ><\/a>\n\t\t\t\t\t\t\t\t\t\t\t\t\t\t\t\t\t\t<h3 class=\"title title-5\">Services strat\u00e9giques de cr\u00e9ation publicitaire<\/h3>\t\t\t\t\t\t\t\t\t\t\t\t\t\t\t\t\t\t\t<div class=\"description\">Sortez du lot, sans les co\u00fbts d\u2019une agence prestigieuse.<\/div>\n\t\t\t\t\t\t\t\t\t\t\t\t\t\t\t\t\t<\/article>\n\t\t\t\t\t\t\t\t\t\t\t\t\t\t\t<article class=\"link-group\">\n\t\t\t\t\t\t\t\t\t\t\t\t\t\t\t\t\t\t\t\t\t\t\t\t\t\t\t\t\t<a href=\"https:\/\/www.sentrex.com\/fr\/partenaires-industrie-pharmaceutique\/pharmacie-specialisee\/\" class=\"link-overlay\" aria-label=\"Pharmacie sp\u00e9cialis\u00e9e\" ><\/a>\n\t\t\t\t\t\t\t\t\t\t\t\t\t\t\t\t\t\t<h3 class=\"title title-5\">Pharmacie sp\u00e9cialis\u00e9e<\/h3>\t\t\t\t\t\t\t\t\t\t\t\t\t\t\t\t\t\t\t<div class=\"description\">Des soins aux patients qui vont au-del\u00e0 de la d\u00e9livrance de m\u00e9dicaments.<\/div>\n\t\t\t\t\t\t\t\t\t\t\t\t\t\t\t\t\t<\/article>\n\t\t\t\t\t\t\t\t\t\t\t\t\t\t\t<article class=\"link-group\">\n\t\t\t\t\t\t\t\t\t\t\t\t\t\t\t\t\t\t\t\t\t\t\t\t\t\t\t\t\t<a href=\"https:\/\/www.sentrex.com\/fr\/partenaires-industrie-pharmaceutique\/distribution-logistique-externalisee\/\" class=\"link-overlay\" aria-label=\"Distribution et logistique externalis\u00e9e\" ><\/a>\n\t\t\t\t\t\t\t\t\t\t\t\t\t\t\t\t\t\t<h3 class=\"title title-5\">Distribution et logistique externalis\u00e9e<\/h3>\t\t\t\t\t\t\t\t\t\t\t\t\t\t\t\t\t\t\t<div class=\"description\">Des solutions compl\u00e8tes pour r\u00e9pondre \u00e0 vos besoins en mati\u00e8re de distribution.<\/div>\n\t\t\t\t\t\t\t\t\t\t\t\t\t\t\t\t\t<\/article>\n\t\t\t\t\t\t\t\t\t\t\t\t\t\t\t<article class=\"link-group\">\n\t\t\t\t\t\t\t\t\t\t\t\t\t\t\t\t\t\t\t\t\t\t\t\t\t\t\t\t\t<a href=\"https:\/\/www.sentrex.com\/fr\/partenaires-industrie-pharmaceutique\/services-cliniques-soins-infirmiers\/\" class=\"link-overlay\" aria-label=\"Services cliniques et soins infirmiers\" ><\/a>\n\t\t\t\t\t\t\t\t\t\t\t\t\t\t\t\t\t\t<h3 class=\"title title-5\">Services cliniques et soins infirmiers<\/h3>\t\t\t\t\t\t\t\t\t\t\t\t\t\t\t\t\t\t\t<div class=\"description\">Des soins sp\u00e9cialis\u00e9s, du domicile \u00e0 la clinique.<\/div>\n\t\t\t\t\t\t\t\t\t\t\t\t\t\t\t\t\t<\/article>\n\t\t\t\t\t\t\t\t\t\t\t\t\t<\/div>\n\t\t\t\t\t<\/div>\n\t\t\t\t<\/div>\n\t\t\t<\/div>\n\t\t<\/div>\n\t","protected":false},"excerpt":{"rendered":"","protected":false},"author":6,"featured_media":0,"parent":1232,"menu_order":16,"comment_status":"closed","ping_status":"closed","template":"","meta":{"_acf_changed":false,"footnotes":""},"class_list":["post-1224","page","type-page","status-publish","hentry"],"acf":[],"_links":{"self":[{"href":"https:\/\/www.sentrex.com\/fr\/wp-json\/wp\/v2\/pages\/1224","targetHints":{"allow":["GET"]}}],"collection":[{"href":"https:\/\/www.sentrex.com\/fr\/wp-json\/wp\/v2\/pages"}],"about":[{"href":"https:\/\/www.sentrex.com\/fr\/wp-json\/wp\/v2\/types\/page"}],"author":[{"embeddable":true,"href":"https:\/\/www.sentrex.com\/fr\/wp-json\/wp\/v2\/users\/6"}],"replies":[{"embeddable":true,"href":"https:\/\/www.sentrex.com\/fr\/wp-json\/wp\/v2\/comments?post=1224"}],"version-history":[{"count":4,"href":"https:\/\/www.sentrex.com\/fr\/wp-json\/wp\/v2\/pages\/1224\/revisions"}],"predecessor-version":[{"id":1250,"href":"https:\/\/www.sentrex.com\/fr\/wp-json\/wp\/v2\/pages\/1224\/revisions\/1250"}],"up":[{"embeddable":true,"href":"https:\/\/www.sentrex.com\/fr\/wp-json\/wp\/v2\/pages\/1232"}],"wp:attachment":[{"href":"https:\/\/www.sentrex.com\/fr\/wp-json\/wp\/v2\/media?parent=1224"}],"curies":[{"name":"wp","href":"https:\/\/api.w.org\/{rel}","templated":true}]}}