{"id":1238,"date":"2024-08-12T17:18:49","date_gmt":"2024-08-12T12:18:49","guid":{"rendered":"https:\/\/www.sentrex.com\/?page_id=1238"},"modified":"2025-04-02T17:51:49","modified_gmt":"2025-04-02T12:51:49","slug":"pharmacie-specialisee","status":"publish","type":"page","link":"https:\/\/www.sentrex.com\/fr\/partenaires-industrie-pharmaceutique\/pharmacie-specialisee\/","title":{"rendered":"Pharmacie sp\u00e9cialis\u00e9e"},"content":{"rendered":"\t\t<header class=\"header-primary-block theme-green section-block with-background\" data-scroll-section>\n\t\t\t<div class=\"container\">\n\t\t\t\t<div class=\"content-wrapper\">\n\t\t\t\t\t<div class=\"row row-main\">\n\t\t\t\t\t\t<div class=\"col-xl-5 col-md-6 col-content\">\n\t\t\t\t\t\t\t\t\t\t\t\t\t\t\t<h1 class=\"upper-title-1\">Pharmacie sp\u00e9cialis\u00e9e<\/h1>\t\t\t\t\t\t\t\n\t\t\t\t\t\t\t<h2 class=\"title-1\">Des soins aux patients qui vont au-del\u00e0 de la d\u00e9livrance de m\u00e9dicaments<\/h2>\n\t\t\t\t\t\t\t\t\t\t\t\t\t\t\t<div class=\"description\"><p>Notre \u00e9quipe exp\u00e9riment\u00e9e et bienveillante offre aux patients les soins sp\u00e9cialis\u00e9s n\u00e9cessaires pour leur permettre de g\u00e9rer leur maladie en toute confiance.<\/p>\n<\/div>\n\t\t\t\t\t\t\t\n\t\t\t\t\t\t\t\t\t\t\t\t\t<\/div>\n\n\t\t\t\t\t\t<div class=\"col-xl-6 offset-xl-1 col-md-6 offset-md-0 col-image\">\n\t\t\t\t\t\t\t<div class=\"image-container\">\n\t\t\t\t\t\t\t\t\t\t\t\t\t\t\t\t\t<img decoding=\"async\" loading=\"lazy\" width=\"3000\" height=\"3000\" src=\"https:\/\/www.sentrex.com\/wp-content\/uploads\/2024\/09\/SpecialtyPharm_Header_Pharma_IMG_5084_web.jpg\" class=\"image\" alt=\"&quot;&quot;\" sizes=\"auto\" srcset=\"https:\/\/www.sentrex.com\/wp-content\/uploads\/2024\/09\/SpecialtyPharm_Header_Pharma_IMG_5084_web.jpg 3000w, https:\/\/www.sentrex.com\/wp-content\/uploads\/2024\/09\/SpecialtyPharm_Header_Pharma_IMG_5084_web-900x900.jpg 900w, https:\/\/www.sentrex.com\/wp-content\/uploads\/2024\/09\/SpecialtyPharm_Header_Pharma_IMG_5084_web-1280x1280.jpg 1280w, https:\/\/www.sentrex.com\/wp-content\/uploads\/2024\/09\/SpecialtyPharm_Header_Pharma_IMG_5084_web-1366x1366.jpg 1366w, https:\/\/www.sentrex.com\/wp-content\/uploads\/2024\/09\/SpecialtyPharm_Header_Pharma_IMG_5084_web-1440x1440.jpg 1440w, https:\/\/www.sentrex.com\/wp-content\/uploads\/2024\/09\/SpecialtyPharm_Header_Pharma_IMG_5084_web-1536x1536.jpg 1536w, https:\/\/www.sentrex.com\/wp-content\/uploads\/2024\/09\/SpecialtyPharm_Header_Pharma_IMG_5084_web-1600x1600.jpg 1600w, https:\/\/www.sentrex.com\/wp-content\/uploads\/2024\/09\/SpecialtyPharm_Header_Pharma_IMG_5084_web-150x150.jpg 150w, https:\/\/www.sentrex.com\/wp-content\/uploads\/2024\/09\/SpecialtyPharm_Header_Pharma_IMG_5084_web-300x300.jpg 300w, https:\/\/www.sentrex.com\/wp-content\/uploads\/2024\/09\/SpecialtyPharm_Header_Pharma_IMG_5084_web-768x768.jpg 768w, https:\/\/www.sentrex.com\/wp-content\/uploads\/2024\/09\/SpecialtyPharm_Header_Pharma_IMG_5084_web-1024x1024.jpg 1024w, https:\/\/www.sentrex.com\/wp-content\/uploads\/2024\/09\/SpecialtyPharm_Header_Pharma_IMG_5084_web-2048x2048.jpg 2048w, https:\/\/www.sentrex.com\/wp-content\/uploads\/2024\/09\/SpecialtyPharm_Header_Pharma_IMG_5084_web-80x80.jpg 80w, https:\/\/www.sentrex.com\/wp-content\/uploads\/2024\/09\/SpecialtyPharm_Header_Pharma_IMG_5084_web-186x186.jpg 186w, https:\/\/www.sentrex.com\/wp-content\/uploads\/2024\/09\/SpecialtyPharm_Header_Pharma_IMG_5084_web-206x206.jpg 206w, https:\/\/www.sentrex.com\/wp-content\/uploads\/2024\/09\/SpecialtyPharm_Header_Pharma_IMG_5084_web-238x238.jpg 238w, https:\/\/www.sentrex.com\/wp-content\/uploads\/2024\/09\/SpecialtyPharm_Header_Pharma_IMG_5084_web-275x275.jpg 275w, https:\/\/www.sentrex.com\/wp-content\/uploads\/2024\/09\/SpecialtyPharm_Header_Pharma_IMG_5084_web-428x428.jpg 428w, https:\/\/www.sentrex.com\/wp-content\/uploads\/2024\/09\/SpecialtyPharm_Header_Pharma_IMG_5084_web-550x550.jpg 550w, https:\/\/www.sentrex.com\/wp-content\/uploads\/2024\/09\/SpecialtyPharm_Header_Pharma_IMG_5084_web-580x580.jpg 580w, https:\/\/www.sentrex.com\/wp-content\/uploads\/2024\/09\/SpecialtyPharm_Header_Pharma_IMG_5084_web-780x780.jpg 780w, https:\/\/www.sentrex.com\/wp-content\/uploads\/2024\/09\/SpecialtyPharm_Header_Pharma_IMG_5084_web-885x885.jpg 885w, https:\/\/www.sentrex.com\/wp-content\/uploads\/2024\/09\/SpecialtyPharm_Header_Pharma_IMG_5084_web-960x960.jpg 960w, https:\/\/www.sentrex.com\/wp-content\/uploads\/2024\/09\/SpecialtyPharm_Header_Pharma_IMG_5084_web-1160x1160.jpg 1160w, https:\/\/www.sentrex.com\/wp-content\/uploads\/2024\/09\/SpecialtyPharm_Header_Pharma_IMG_5084_web-1920x1920.jpg 1920w, https:\/\/www.sentrex.com\/wp-content\/uploads\/2024\/09\/SpecialtyPharm_Header_Pharma_IMG_5084_web-1190x1190.jpg 1190w, https:\/\/www.sentrex.com\/wp-content\/uploads\/2024\/09\/SpecialtyPharm_Header_Pharma_IMG_5084_web-935x935.jpg 935w, https:\/\/www.sentrex.com\/wp-content\/uploads\/2024\/09\/SpecialtyPharm_Header_Pharma_IMG_5084_web-770x770.jpg 770w, https:\/\/www.sentrex.com\/wp-content\/uploads\/2024\/09\/SpecialtyPharm_Header_Pharma_IMG_5084_web-500x500.jpg 500w, https:\/\/www.sentrex.com\/wp-content\/uploads\/2024\/09\/SpecialtyPharm_Header_Pharma_IMG_5084_web-315x315.jpg 315w, https:\/\/www.sentrex.com\/wp-content\/uploads\/2024\/09\/SpecialtyPharm_Header_Pharma_IMG_5084_web-60x60.jpg 60w, https:\/\/www.sentrex.com\/wp-content\/uploads\/2024\/09\/SpecialtyPharm_Header_Pharma_IMG_5084_web-586x586.jpg 586w\" \/>\t\t\t\t\t\t\t\t\t\t\t\t\t\t\t<\/div>\n\t\t\t\t\t\t<\/div>\n\t\t\t\t\t<\/div>\n\t\t\t\t<\/div>\n\t\t\t<\/div>\n\t\t<\/header>\n\t\n\n\t\t\t\t\t\t\t<section class=\"list-text-drawers-block section-block theme-light with-background\" data-scroll-section>\n\t\t\t\t<div class=\"container\">\n\t\t\t\t\t<div class=\"row row-main\">\n\t\t\t\t\t\t<div class=\"col-md-5\">\n\t\t\t\t\t\t\t<h2 class=\"title-2\">Nos capacit\u00e9s en pharmacie sp\u00e9cialis\u00e9e<\/h2>\n\t\t\t\t\t\t\t\t\t\t\t\t\t\t\t<div class=\"description\"><p>Chez Sentrex, nos services de pharmacie sp\u00e9cialis\u00e9e sont con\u00e7us pour r\u00e9pondre aux besoins sp\u00e9cifiques des patients. En nous appuyant sur notre expertise th\u00e9rapeutique, des normes de qualit\u00e9 rigoureuses et un r\u00e9seau national, nous assurons la gestion s\u00e9curis\u00e9e et la livraison pr\u00e9cise des m\u00e9dicaments sp\u00e9cialis\u00e9s.<\/p>\n<\/div>\n\t\t\t\t\t\t\t\n\t\t\t\t\t\t\t\t\t\t\t\t\t\t\t<div class=\"btns\">\n\t\t\t\t\t\t\t\t\t\t\t\t\t\t\t\t\t\t\t\t\t\t<a href=\"https:\/\/www.sentrex.com\/fr\/contact\/#find-a-clinic\"\n\t\t\t\tclass=\"button button-primary\"\n\t\t\t\t\t\t\t\taria-label=\"Trouver une pharmacie\">\n\t\t\t\t<span class=\"button-mask\">\n\t\t\t\t\t<span class=\"mask-label\">Trouver une pharmacie<\/span>\n\t\t\t\t\t\t\t\t\t\t\t<span aria-hidden=\"true\" class=\"mask-extra-label\">Trouver une pharmacie<\/span>\n\t\t\t\t\t\t\t\t\t<\/span>\n\t\t\t<\/a>\n\t\t\t\t\t\t\t\t\t\t\t\t\t\t\t\t\t\t\t<\/div>\n\t\t\t\t\t\t\t\t\t\t\t\t\t<\/div>\n\t\t\t\t\t\t<div class=\"col-md-6 offset-md-1\">\n\t\t\t\t\t\t\t\n\n\t<div class=\"open-collapse-container\" data-collapser-module=\"default\">\n\t\t\t\t\t\t\t\t\t\t\t\t<div class=\"open-collapse-wrapper\" data-collapser=\"f96cdd5c0752d5ff8aa7ec1f55d032130\">\n\t\t\t\t\t<button type=\"button\" id=\"collapseTitle-f96cdd5c0752d5ff8aa7ec1f55d032130\" class=\"open-collapse-title title-4\" data-collapser-controller>\n\t\t\t\t\t\tExpertise th\u00e9rapeutique\t\t\t\t\t\t<span class=\"toggle-btn\" aria-hidden=\"true\">\n\t\t\t\t\t\t\t<i class=\"icon-chevron-down\" aria-hidden=\"true\"><\/i>\n\t\t\t\t\t\t<\/span>\n\t\t\t\t\t<\/button>\n\t\t\t\t\t<div id=\"collapseContent-f96cdd5c0752d5ff8aa7ec1f55d032130\" class=\"open-collapse-content\" data-collapser-content>\n\t\t\t\t\t\t<div class=\"oc-content-mask\">\n\t\t\t\t\t\t\t<div class=\"oc-content-inner\">\n\t\t\t\t\t\t\t\t<p>Notre \u00e9quipe d\u00e9vou\u00e9e s\u2019investit pleinement dans la ma\u00eetrise des domaines th\u00e9rapeutiques que nous couvrons, en forgeant des partenariats solides avec les fabricants et les prescripteurs pour r\u00e9pondre aux besoins sp\u00e9cifiques des patients. Nous adoptons une approche personnalis\u00e9e qui comprend une \u00e9ducation compl\u00e8te, une consultation psychologique bienveillante et un soutien continu pour aider les patients \u00e0 g\u00e9rer leur maladie avec assurance.<\/p>\n\n\t\t\t\t\t\t\t\t\t\t\t\t\t\t\t<\/div>\n\t\t\t\t\t\t<\/div>\n\t\t\t\t\t<\/div>\n\t\t\t\t<\/div>\n\t\t\t\t\t\t\t\t\t\t\t\t\t\t\t<div class=\"open-collapse-wrapper\" data-collapser=\"f21bc3d55b6ae07f234a63b1c3e1025a1\">\n\t\t\t\t\t<button type=\"button\" id=\"collapseTitle-f21bc3d55b6ae07f234a63b1c3e1025a1\" class=\"open-collapse-title title-4\" data-collapser-controller>\n\t\t\t\t\t\tGestion des m\u00e9dicaments sp\u00e9cialis\u00e9s\t\t\t\t\t\t<span class=\"toggle-btn\" aria-hidden=\"true\">\n\t\t\t\t\t\t\t<i class=\"icon-chevron-down\" aria-hidden=\"true\"><\/i>\n\t\t\t\t\t\t<\/span>\n\t\t\t\t\t<\/button>\n\t\t\t\t\t<div id=\"collapseContent-f21bc3d55b6ae07f234a63b1c3e1025a1\" class=\"open-collapse-content\" data-collapser-content>\n\t\t\t\t\t\t<div class=\"oc-content-mask\">\n\t\t\t\t\t\t\t<div class=\"oc-content-inner\">\n\t\t\t\t\t\t\t\t<p>Notre \u00e9quipe pharmaceutique s\u2019engage \u00e0 pr\u00e9server l\u2019int\u00e9grit\u00e9 des produits, \u00e0 temp\u00e9rature ambiante ou sous cha\u00eene du froid, \u00e0 chaque \u00e9tape, de leur r\u00e9ception \u00e0 leur livraison. Gr\u00e2ce \u00e0 des emballages r\u00e9utilisables sp\u00e9ciaux et \u00e0 une surveillance continue de la temp\u00e9rature, nous garantissons un transport et un stockage s\u00e9curis\u00e9s des traitements essentiels r\u00e9pondant \u00e0 des mesures de qualit\u00e9 rigoureuses.<\/p>\n\n\t\t\t\t\t\t\t\t\t\t\t\t\t\t\t<\/div>\n\t\t\t\t\t\t<\/div>\n\t\t\t\t\t<\/div>\n\t\t\t\t<\/div>\n\t\t\t\t\t\t\t\t\t\t\t\t\t\t\t<div class=\"open-collapse-wrapper\" data-collapser=\"56403d1eb9adf2b549891b76977f78fa2\">\n\t\t\t\t\t<button type=\"button\" id=\"collapseTitle-56403d1eb9adf2b549891b76977f78fa2\" class=\"open-collapse-title title-4\" data-collapser-controller>\n\t\t\t\t\t\tSoutien \u00e0 commercialisation et \u00e0 la transition\t\t\t\t\t\t<span class=\"toggle-btn\" aria-hidden=\"true\">\n\t\t\t\t\t\t\t<i class=\"icon-chevron-down\" aria-hidden=\"true\"><\/i>\n\t\t\t\t\t\t<\/span>\n\t\t\t\t\t<\/button>\n\t\t\t\t\t<div id=\"collapseContent-56403d1eb9adf2b549891b76977f78fa2\" class=\"open-collapse-content\" data-collapser-content>\n\t\t\t\t\t\t<div class=\"oc-content-mask\">\n\t\t\t\t\t\t\t<div class=\"oc-content-inner\">\n\t\t\t\t\t\t\t\t<p>Notre \u00e9quipe d\u2019experts en remboursement explore en profondeur le paysage des payeurs canadiens afin d\u2019acc\u00e9l\u00e9rer la commercialisation de votre m\u00e9dicament. Pour la p\u00e9riode d\u2019attente d\u2019approbation de couverture, Sentrex Pharmacy assure la distribution de m\u00e9dicaments de transition pour les patients admissibles, assurant ainsi un acc\u00e8s imm\u00e9diat \u00e0 leurs traitements essentiels. D\u00e8s que leur couverture est en place, le statut de remboursement est suivi de pr\u00e8s afin de les faire passer rapidement des produits gratuits aux produits commerciaux.<\/p>\n\n\t\t\t\t\t\t\t\t\t\t\t\t\t\t\t<\/div>\n\t\t\t\t\t\t<\/div>\n\t\t\t\t\t<\/div>\n\t\t\t\t<\/div>\n\t\t\t\t\t\t\t\t\t\t\t\t\t\t\t<div class=\"open-collapse-wrapper\" data-collapser=\"a7ad764770d61d4b7b094d8f1c00e2163\">\n\t\t\t\t\t<button type=\"button\" id=\"collapseTitle-a7ad764770d61d4b7b094d8f1c00e2163\" class=\"open-collapse-title title-4\" data-collapser-controller>\n\t\t\t\t\t\tLivraison \u00e0 domicile et en clinique\t\t\t\t\t\t<span class=\"toggle-btn\" aria-hidden=\"true\">\n\t\t\t\t\t\t\t<i class=\"icon-chevron-down\" aria-hidden=\"true\"><\/i>\n\t\t\t\t\t\t<\/span>\n\t\t\t\t\t<\/button>\n\t\t\t\t\t<div id=\"collapseContent-a7ad764770d61d4b7b094d8f1c00e2163\" class=\"open-collapse-content\" data-collapser-content>\n\t\t\t\t\t\t<div class=\"oc-content-mask\">\n\t\t\t\t\t\t\t<div class=\"oc-content-inner\">\n\t\t\t\t\t\t\t\t<p>Notre \u00e9quipe interne de chauffeurs offre un service personnalis\u00e9 qui r\u00e9pond aux besoins des cliniques et des patients partout au Canada. Gr\u00e2ce aux possibilit\u00e9s de livraison en soir\u00e9e et en fin de semaine, nous garantissons un acc\u00e8s rapide aux traitements essentiels sur l\u2019ensemble du territoire, que ce soit pour les m\u00e9dicaments \u00e0 temp\u00e9rature ambiante ou pour ceux sous cha\u00eene du froid. Nous proposons \u00e9galement des rappels automatis\u00e9s par texto pour les renouvellements, afin de garantir un acc\u00e8s ininterrompu aux m\u00e9dicaments pour les patients.<\/p>\n\n\t\t\t\t\t\t\t\t\t\t\t\t\t\t\t<\/div>\n\t\t\t\t\t\t<\/div>\n\t\t\t\t\t<\/div>\n\t\t\t\t<\/div>\n\t\t\t\t\t\t\t\t\t\t\t\t\t\t\t<div class=\"open-collapse-wrapper\" data-collapser=\"f7460792e7cbd1f49b4b88caa82f41e74\">\n\t\t\t\t\t<button type=\"button\" id=\"collapseTitle-f7460792e7cbd1f49b4b88caa82f41e74\" class=\"open-collapse-title title-4\" data-collapser-controller>\n\t\t\t\t\t\tServices de pr\u00e9paration des m\u00e9dicaments et de produits st\u00e9riles\t\t\t\t\t\t<span class=\"toggle-btn\" aria-hidden=\"true\">\n\t\t\t\t\t\t\t<i class=\"icon-chevron-down\" aria-hidden=\"true\"><\/i>\n\t\t\t\t\t\t<\/span>\n\t\t\t\t\t<\/button>\n\t\t\t\t\t<div id=\"collapseContent-f7460792e7cbd1f49b4b88caa82f41e74\" class=\"open-collapse-content\" data-collapser-content>\n\t\t\t\t\t\t<div class=\"oc-content-mask\">\n\t\t\t\t\t\t\t<div class=\"oc-content-inner\">\n\t\t\t\t\t\t\t\t<p>Notre installation certifi\u00e9e ISO 7, dot\u00e9 d\u2019\u00e9quipements de pointe, assure la production pr\u00e9cise de m\u00e9dicaments sp\u00e9cialis\u00e9s, ainsi que de seringues pr\u00e9remplies, de poches st\u00e9riles, traitements par perfusion, gouttes ophtalmiques, produits injectables et traitements topiques. Nos services comprennent des capacit\u00e9s de pr\u00e9paration st\u00e9rile \u00e0 partir de composants st\u00e9riles et d\u2019ingr\u00e9dients pharmaceutiques actifs, ainsi que les tests par lots pour garantir la st\u00e9rilit\u00e9 et l\u2019absence d\u2019endotoxines.<\/p>\n\n\t\t\t\t\t\t\t\t\t\t\t\t\t\t\t<\/div>\n\t\t\t\t\t\t<\/div>\n\t\t\t\t\t<\/div>\n\t\t\t\t<\/div>\n\t\t\t\t\t\t<\/div>\n\t\t\t\t\t\t<\/div>\n\t\t\t\t\t<\/div>\n\t\t\t\t<\/div>\n\t\t\t<\/section>\n\t\t\t\n\n\t\t<div class=\"group-testimonials-block section-block with-background theme-peppermint with-background\" data-scroll-section data-group-testimonials-slider data-id=\"\">\n\t\t\t<div class=\"container\">\n\t\t\t\t<div class=\"content-wrapper\">\n\t\t\t\t\t<div class=\"row row-main\">\n\t\t\t\t\t\t<div class=\"col-md-12\">\n\t\t\t\t\t\t\t<div class=\"cards-slider splide\" data-splide-slider>\n\t\t\t\t\t\t\t\t<div class=\"splide__track\">\n\t\t\t\t\t\t\t\t\t<div class=\"splide__list\">\n\t\t\t\t\t\t\t\t\t\t\t\t\t\t\t\t\t\t\t\t\t<div class=\"splide__slide splide-slide\">\n\t\t\t\t\t\t\t\t\t\t\t\t\n<div class=\"group-testimonial-card\" data-testimonial-card>\n\t<figure class=\"figure\">\n\t\t<blockquote class=\"blockquote\">\n\t\t\t<div class=\"text title-3\">\u00ab Nous n\u2019arrivions pas \u00e0 nous procurer le m\u00e9dicament de mon fils sous forme liquide. M\u00eame si cela ne faisait pas directement partie du programme, votre \u00e9quipe a r\u00e9ussi \u00e0 le trouver, et nous l\u2019avons re\u00e7u en 24 heures. Votre \u00e9quipe fait preuve d\u2019un v\u00e9ritable d\u00e9vouement. \u00bb<\/div>\n\t\t<\/blockquote>\n\t\t\t\t\t<figcaption class=\"footer\">\n\t\t\t\t\t\t\t\t\t<span class=\"author title-5\">un parent satisfait<\/span>\n\t\t\t\t\t\t\t\t\t\t\t<\/figcaption>\n\t\t\t<\/figure>\n<\/div>\t\t\t\t\t\t\t\t\t\t\t<\/div>\n\t\t\t\t\t\t\t\t\t\t\t\t\t\t\t\t\t\t\t\t\t<div class=\"splide__slide splide-slide\">\n\t\t\t\t\t\t\t\t\t\t\t\t\n<div class=\"group-testimonial-card\" data-testimonial-card>\n\t<figure class=\"figure\">\n\t\t<blockquote class=\"blockquote\">\n\t\t\t<div class=\"text title-3\">\u00ab J\u2019ai pass\u00e9 20 ans \u00e0 travailler avec des professionnels de la sant\u00e9, et je peux dire que c\u2019\u00e9tait l\u2019une des meilleures consultations avec un pharmacien que j\u2019aie jamais observ\u00e9es ou re\u00e7ues. \u00bb<\/div>\n\t\t<\/blockquote>\n\t\t\t\t\t<figcaption class=\"footer\">\n\t\t\t\t\t\t\t\t\t<span class=\"author title-5\">un patient impressionn\u00e9<\/span>\n\t\t\t\t\t\t\t\t\t\t\t<\/figcaption>\n\t\t\t<\/figure>\n<\/div>\t\t\t\t\t\t\t\t\t\t\t<\/div>\n\t\t\t\t\t\t\t\t\t\t\t\t\t\t\t\t\t\t\t\t\t<div class=\"splide__slide splide-slide\">\n\t\t\t\t\t\t\t\t\t\t\t\t\n<div class=\"group-testimonial-card\" data-testimonial-card>\n\t<figure class=\"figure\">\n\t\t<blockquote class=\"blockquote\">\n\t\t\t<div class=\"text title-3\">\u00ab Votre pharmacie est impressionnante. Vous offrez des soins aux patients tels qu\u2019ils devraient toujours \u00eatre. Rien n\u2019est laiss\u00e9 au hasard, et je sais que mes patients re\u00e7oivent de meilleurs soins avec Sentrex. \u00bb<\/div>\n\t\t<\/blockquote>\n\t\t\t\t\t<figcaption class=\"footer\">\n\t\t\t\t\t\t\t\t\t<span class=\"author title-5\">un professionnel de la sant\u00e9 plein de gratitude<\/span>\n\t\t\t\t\t\t\t\t\t\t\t<\/figcaption>\n\t\t\t<\/figure>\n<\/div>\t\t\t\t\t\t\t\t\t\t\t<\/div>\n\t\t\t\t\t\t\t\t\t\t\t\t\t\t\t\t\t\t\t<\/div>\n\t\t\t\t\t\t\t\t<\/div>\n\t\t\t\t\t\t\t\t\t\t\t\t\t\t\t\t<div class=\"group-slider-navigation active\">\n\t<div class=\"splide__arrows slider-navigation\">\n\t\t<div class=\"splide__arrows arrows-wrapper\">\n\t\t\t\t\t\t<button class=\"button button-primary button-icon splide__arrow splide__arrow--prev\" >\n\t\t\t\t<span class=\"button-mask\">\n\t\t\t\t\t<span class=\"mask-label\"><i class=\"icon icon-chevron-left\" aria-hidden=\"true\"><\/i><\/span>\n\t\t\t\t\t\t\t\t\t\t\t<span aria-hidden=\"true\" class=\"mask-extra-label\"><i class=\"icon icon-chevron-left\" aria-hidden=\"true\"><\/i><\/span>\n\t\t\t\t\t\t\t\t\t<\/span>\n\t\t\t<\/button>\n\t\t\t\t\t\t\t\t<button class=\"button button-primary button-icon splide__arrow splide__arrow--next\" >\n\t\t\t\t<span class=\"button-mask\">\n\t\t\t\t\t<span class=\"mask-label\"><i class=\"icon icon-chevron-right\" aria-hidden=\"true\"><\/i><\/span>\n\t\t\t\t\t\t\t\t\t\t\t<span aria-hidden=\"true\" class=\"mask-extra-label\"><i class=\"icon icon-chevron-right\" aria-hidden=\"true\"><\/i><\/span>\n\t\t\t\t\t\t\t\t\t<\/span>\n\t\t\t<\/button>\n\t\t\t\t<\/div>\n\t<\/div>\n<\/div>\t\t\t\t\t\t\t<\/div>\n\t\t\t\t\t\t<\/div>\n\t\t\t\t\t<\/div>\n\t\t\t\t<\/div>\n\t\t\t<\/div>\n\t\t<\/div>\n\t\n\n\t\t<div class=\"group-links-block section-block\" data-scroll-section>\n\t\t\t<div class=\"container\">\n\t\t\t\t\t\t\t\t\t<div class=\"row row-title\">\n\t\t\t\t\t\t<div class=\"col-md-12\">\n\t\t\t\t\t\t\t<h2 class=\"upper-title upper-title-1\">D\u00e9couvrez nos autres domaines d&#8217;expertise<\/h2>\t\t\t\t\t\t<\/div>\n\t\t\t\t\t<\/div>\n\t\t\t\t\t\t\t\t<div class=\"row row-main\">\n\t\t\t\t\t<div class=\"col-md-12\">\n\t\t\t\t\t\t<div class=\"link-group-wrapper\">\n\t\t\t\t\t\t\t\t\t\t\t\t\t\t\t<article class=\"link-group\">\n\t\t\t\t\t\t\t\t\t\t\t\t\t\t\t\t\t\t\t\t\t\t\t\t\t\t\t\t\t<a href=\"https:\/\/www.sentrex.com\/fr\/partenaires-industrie-pharmaceutique\/distribution-logistique-externalisee\/\" class=\"link-overlay\" aria-label=\"Distribution et logistique externalis\u00e9e\" ><\/a>\n\t\t\t\t\t\t\t\t\t\t\t\t\t\t\t\t\t\t<h3 class=\"title title-5\">Distribution et logistique externalis\u00e9e<\/h3>\t\t\t\t\t\t\t\t\t\t\t\t\t\t\t\t\t\t\t<div class=\"description\">Des solutions compl\u00e8tes pour r\u00e9pondre \u00e0 vos besoins en mati\u00e8re de distribution.<\/div>\n\t\t\t\t\t\t\t\t\t\t\t\t\t\t\t\t\t<\/article>\n\t\t\t\t\t\t\t\t\t\t\t\t\t\t\t<article class=\"link-group\">\n\t\t\t\t\t\t\t\t\t\t\t\t\t\t\t\t\t\t\t\t\t\t\t\t\t\t\t\t\t<a href=\"https:\/\/www.sentrex.com\/fr\/partenaires-industrie-pharmaceutique\/services-cliniques-soins-infirmiers\/\" class=\"link-overlay\" aria-label=\"Services cliniques et soins infirmiers\" ><\/a>\n\t\t\t\t\t\t\t\t\t\t\t\t\t\t\t\t\t\t<h3 class=\"title title-5\">Services cliniques et soins infirmiers<\/h3>\t\t\t\t\t\t\t\t\t\t\t\t\t\t\t\t\t\t\t<div class=\"description\">Des soins sp\u00e9cialis\u00e9s, du domicile \u00e0 la clinique.<\/div>\n\t\t\t\t\t\t\t\t\t\t\t\t\t\t\t\t\t<\/article>\n\t\t\t\t\t\t\t\t\t\t\t\t\t\t\t<article class=\"link-group\">\n\t\t\t\t\t\t\t\t\t\t\t\t\t\t\t\t\t\t\t\t\t\t\t\t\t\t\t\t\t<a href=\"https:\/\/www.sentrex.com\/fr\/partenaires-industrie-pharmaceutique\/notre-technologie\/\" class=\"link-overlay\" aria-label=\"Notre technologie\" ><\/a>\n\t\t\t\t\t\t\t\t\t\t\t\t\t\t\t\t\t\t<h3 class=\"title title-5\">Notre technologie<\/h3>\t\t\t\t\t\t\t\t\t\t\t\t\t\t\t\t\t\t\t<div class=\"description\">Des informations en temps r\u00e9el, des r\u00e9sultats concrets.<\/div>\n\t\t\t\t\t\t\t\t\t\t\t\t\t\t\t\t\t<\/article>\n\t\t\t\t\t\t\t\t\t\t\t\t\t\t\t<article class=\"link-group\">\n\t\t\t\t\t\t\t\t\t\t\t\t\t\t\t\t\t\t\t\t\t\t\t\t\t\t\t\t\t<a href=\"https:\/\/www.sentrex.com\/fr\/partenaires-industrie-pharmaceutique\/programmes-de-soutien-aux-patients\/\" class=\"link-overlay\" aria-label=\"Programmes de soutien aux patients\" ><\/a>\n\t\t\t\t\t\t\t\t\t\t\t\t\t\t\t\t\t\t<h3 class=\"title title-5\">Programmes de soutien aux patients<\/h3>\t\t\t\t\t\t\t\t\t\t\t\t\t\t\t\t\t\t\t<div class=\"description\">Des solutions sur mesure pour vos patients et votre marque.<\/div>\n\t\t\t\t\t\t\t\t\t\t\t\t\t\t\t\t\t<\/article>\n\t\t\t\t\t\t\t\t\t\t\t\t\t\t\t<article class=\"link-group\">\n\t\t\t\t\t\t\t\t\t\t\t\t\t\t\t\t\t\t\t\t\t\t\t\t\t\t\t\t\t<a href=\"https:\/\/www.sentrex.com\/fr\/partenaires-industrie-pharmaceutique\/services-strategiques-creation-publicitaire\/\" class=\"link-overlay\" aria-label=\"Services strat\u00e9giques de cr\u00e9ation publicitaire\" ><\/a>\n\t\t\t\t\t\t\t\t\t\t\t\t\t\t\t\t\t\t<h3 class=\"title title-5\">Services strat\u00e9giques de cr\u00e9ation publicitaire<\/h3>\t\t\t\t\t\t\t\t\t\t\t\t\t\t\t\t\t\t\t<div class=\"description\">Sortez du lot, sans les co\u00fbts d\u2019une agence prestigieuse.<\/div>\n\t\t\t\t\t\t\t\t\t\t\t\t\t\t\t\t\t<\/article>\n\t\t\t\t\t\t\t\t\t\t\t\t\t<\/div>\n\t\t\t\t\t<\/div>\n\t\t\t\t<\/div>\n\t\t\t<\/div>\n\t\t<\/div>\n\t","protected":false},"excerpt":{"rendered":"","protected":false},"author":6,"featured_media":0,"parent":1232,"menu_order":21,"comment_status":"closed","ping_status":"closed","template":"","meta":{"_acf_changed":false,"footnotes":""},"class_list":["post-1238","page","type-page","status-publish","hentry"],"acf":[],"_links":{"self":[{"href":"https:\/\/www.sentrex.com\/fr\/wp-json\/wp\/v2\/pages\/1238","targetHints":{"allow":["GET"]}}],"collection":[{"href":"https:\/\/www.sentrex.com\/fr\/wp-json\/wp\/v2\/pages"}],"about":[{"href":"https:\/\/www.sentrex.com\/fr\/wp-json\/wp\/v2\/types\/page"}],"author":[{"embeddable":true,"href":"https:\/\/www.sentrex.com\/fr\/wp-json\/wp\/v2\/users\/6"}],"replies":[{"embeddable":true,"href":"https:\/\/www.sentrex.com\/fr\/wp-json\/wp\/v2\/comments?post=1238"}],"version-history":[{"count":2,"href":"https:\/\/www.sentrex.com\/fr\/wp-json\/wp\/v2\/pages\/1238\/revisions"}],"predecessor-version":[{"id":1254,"href":"https:\/\/www.sentrex.com\/fr\/wp-json\/wp\/v2\/pages\/1238\/revisions\/1254"}],"up":[{"embeddable":true,"href":"https:\/\/www.sentrex.com\/fr\/wp-json\/wp\/v2\/pages\/1232"}],"wp:attachment":[{"href":"https:\/\/www.sentrex.com\/fr\/wp-json\/wp\/v2\/media?parent=1238"}],"curies":[{"name":"wp","href":"https:\/\/api.w.org\/{rel}","templated":true}]}}