{"id":1260,"date":"2024-09-18T01:42:23","date_gmt":"2024-09-17T20:42:23","guid":{"rendered":"https:\/\/www.sentrex.com\/?page_id=1260"},"modified":"2024-12-17T19:07:27","modified_gmt":"2024-12-17T14:07:27","slug":"faq-pmo","status":"publish","type":"page","link":"https:\/\/www.sentrex.com\/fr\/faq-pmo\/","title":{"rendered":"FAQ PMO"},"content":{"rendered":"\t\t<div class=\"header-page-title-block theme-green section-block with-background\" data-scroll-section>\n\t\t\t<div class=\"container\">\n\t\t\t\t<div class=\"content-wrapper\">\n\t\t\t\t\t<div class=\"row row-main\">\n\t\t\t\t\t\t<div class=\"col-md-6 col-content\">\n\t\t\t\t\t\t\t\n\t\t\t\t\t\t\t<h1 class=\"title-1\">Renseignements importants pour les patients b\u00e9n\u00e9ficiaires du programme Trillium et du PMO<\/h1>\n\t\t\t\t\t\t\t\t\t\t\t\t\t\t\t<div class=\"description\"><p>En tant que patient recevant des injections oculaires, vous pourriez recevoir des factures de Sentrex Pharmacy pour les co\u00fbts li\u00e9s au programme de m\u00e9dicaments de l\u2019Ontario (PMO) ou \u00e0 la franchise du programme Trillium. Pour en savoir plus, veuillez lire la FAQ ci-dessous.<\/p>\n<\/div>\n\t\t\t\t\t\t\t\t\t\t\t\t\t<\/div>\n\t\t\t\t\t<\/div>\n\t\t\t\t<\/div>\n\t\t\t<\/div>\n\t\t<\/div>\n\t\n\n\t\t\t\t\t\t\t<section class=\"list-text-drawers-block section-block theme-light with-background\" data-scroll-section>\n\t\t\t\t<div class=\"container\">\n\t\t\t\t\t<div class=\"row row-main\">\n\t\t\t\t\t\t<div class=\"col-md-5\">\n\t\t\t\t\t\t\t<h2 class=\"title-2\">Foire aux questions<\/h2>\n\t\t\t\t\t\t\t\n\t\t\t\t\t\t\t\t\t\t\t\t\t<\/div>\n\t\t\t\t\t\t<div class=\"col-md-6 offset-md-1\">\n\t\t\t\t\t\t\t\n\n\t<div class=\"open-collapse-container\" data-collapser-module=\"default\">\n\t\t\t\t\t\t\t\t\t\t\t\t<div class=\"open-collapse-wrapper\" data-collapser=\"da6f54c47e1724f317431efc83c09fe20\">\n\t\t\t\t\t<button type=\"button\" id=\"collapseTitle-da6f54c47e1724f317431efc83c09fe20\" class=\"open-collapse-title title-4\" data-collapser-controller>\n\t\t\t\t\t\tQui est Sentrex?\t\t\t\t\t\t<span class=\"toggle-btn\" aria-hidden=\"true\">\n\t\t\t\t\t\t\t<i class=\"icon-chevron-down\" aria-hidden=\"true\"><\/i>\n\t\t\t\t\t\t<\/span>\n\t\t\t\t\t<\/button>\n\t\t\t\t\t<div id=\"collapseContent-da6f54c47e1724f317431efc83c09fe20\" class=\"open-collapse-content\" data-collapser-content>\n\t\t\t\t\t\t<div class=\"oc-content-mask\">\n\t\t\t\t\t\t\t<div class=\"oc-content-inner\">\n\t\t\t\t\t\t\t\t<p>Sentrex est une pharmacie sp\u00e9cialis\u00e9e dans la gestion de m\u00e9dicaments n\u00e9cessitant une attention particuli\u00e8re, et qui les livre directement \u00e0 la clinique de votre m\u00e9decin.<\/p>\n\n\t\t\t\t\t\t\t\t\t\t\t\t\t\t\t<\/div>\n\t\t\t\t\t\t<\/div>\n\t\t\t\t\t<\/div>\n\t\t\t\t<\/div>\n\t\t\t\t\t\t\t\t\t\t\t\t\t\t\t<div class=\"open-collapse-wrapper\" data-collapser=\"cb6530c2915095511becaab5f4b943041\">\n\t\t\t\t\t<button type=\"button\" id=\"collapseTitle-cb6530c2915095511becaab5f4b943041\" class=\"open-collapse-title title-4\" data-collapser-controller>\n\t\t\t\t\t\tQu&#8217;est-ce qu&#8217;une franchise?\t\t\t\t\t\t<span class=\"toggle-btn\" aria-hidden=\"true\">\n\t\t\t\t\t\t\t<i class=\"icon-chevron-down\" aria-hidden=\"true\"><\/i>\n\t\t\t\t\t\t<\/span>\n\t\t\t\t\t<\/button>\n\t\t\t\t\t<div id=\"collapseContent-cb6530c2915095511becaab5f4b943041\" class=\"open-collapse-content\" data-collapser-content>\n\t\t\t\t\t\t<div class=\"oc-content-mask\">\n\t\t\t\t\t\t\t<div class=\"oc-content-inner\">\n\t\t\t\t\t\t\t\t<p>Si vous \u00eates couvert par le Programme de m\u00e9dicaments de l\u2019Ontario (PMO) ou le Programme de m\u00e9dicaments Trillium, vous devrez payer une franchise avant que votre couverture s\u2019applique.<\/p>\n\n\t\t\t\t\t\t\t\t\t\t\t\t\t\t\t<\/div>\n\t\t\t\t\t\t<\/div>\n\t\t\t\t\t<\/div>\n\t\t\t\t<\/div>\n\t\t\t\t\t\t\t\t\t\t\t\t\t\t\t<div class=\"open-collapse-wrapper\" data-collapser=\"06355dd5a3c6aa43abc871bb46f3e03e2\">\n\t\t\t\t\t<button type=\"button\" id=\"collapseTitle-06355dd5a3c6aa43abc871bb46f3e03e2\" class=\"open-collapse-title title-4\" data-collapser-controller>\n\t\t\t\t\t\t\u00c0 qui dois-je payer la franchise?\t\t\t\t\t\t<span class=\"toggle-btn\" aria-hidden=\"true\">\n\t\t\t\t\t\t\t<i class=\"icon-chevron-down\" aria-hidden=\"true\"><\/i>\n\t\t\t\t\t\t<\/span>\n\t\t\t\t\t<\/button>\n\t\t\t\t\t<div id=\"collapseContent-06355dd5a3c6aa43abc871bb46f3e03e2\" class=\"open-collapse-content\" data-collapser-content>\n\t\t\t\t\t\t<div class=\"oc-content-mask\">\n\t\t\t\t\t\t\t<div class=\"oc-content-inner\">\n\t\t\t\t\t\t\t\t<p>Vous devez payer votre franchise aupr\u00e8s de toute pharmacie qui ex\u00e9cute vos ordonnances, et ce, jusqu\u2019\u00e0 que cette franchise soit enti\u00e8rement acquitt\u00e9e chaque ann\u00e9e. Vous recevrez une facture de Sentrex Pharmacy uniquement si vous avez encore un solde \u00e0 payer sur votre franchise au moment de la d\u00e9livrance de vos m\u00e9dicaments par Sentrex.<\/p>\n\n\t\t\t\t\t\t\t\t\t\t\t\t\t\t\t<\/div>\n\t\t\t\t\t\t<\/div>\n\t\t\t\t\t<\/div>\n\t\t\t\t<\/div>\n\t\t\t\t\t\t\t\t\t\t\t\t\t\t\t<div class=\"open-collapse-wrapper\" data-collapser=\"1c42ceec7aa58923dc5c6890a3f6bcbc3\">\n\t\t\t\t\t<button type=\"button\" id=\"collapseTitle-1c42ceec7aa58923dc5c6890a3f6bcbc3\" class=\"open-collapse-title title-4\" data-collapser-controller>\n\t\t\t\t\t\tComment puis-je savoir si j\u2019ai d\u00e9j\u00e0 r\u00e9gl\u00e9 ma franchise lors de l\u2019achat de mes autres m\u00e9dicaments?\t\t\t\t\t\t<span class=\"toggle-btn\" aria-hidden=\"true\">\n\t\t\t\t\t\t\t<i class=\"icon-chevron-down\" aria-hidden=\"true\"><\/i>\n\t\t\t\t\t\t<\/span>\n\t\t\t\t\t<\/button>\n\t\t\t\t\t<div id=\"collapseContent-1c42ceec7aa58923dc5c6890a3f6bcbc3\" class=\"open-collapse-content\" data-collapser-content>\n\t\t\t\t\t\t<div class=\"oc-content-mask\">\n\t\t\t\t\t\t\t<div class=\"oc-content-inner\">\n\t\t\t\t\t\t\t\t<p>Dans toutes les pharmacies de l\u2019Ontario, votre franchise est associ\u00e9e au num\u00e9ro unique de la carte Sant\u00e9 qui vous a \u00e9t\u00e9 d\u00e9livr\u00e9e par l\u2019Assurance-sant\u00e9 de l\u2019Ontario. Sentrex Pharmacy v\u00e9rifie toujours le statut de votre franchise \u00e0 l\u2019aide du num\u00e9ro de votre carte Sant\u00e9 avant de vous envoyer une facture.<\/p>\n\n\t\t\t\t\t\t\t\t\t\t\t\t\t\t\t<\/div>\n\t\t\t\t\t\t<\/div>\n\t\t\t\t\t<\/div>\n\t\t\t\t<\/div>\n\t\t\t\t\t\t\t\t\t\t\t\t\t\t\t<div class=\"open-collapse-wrapper\" data-collapser=\"668e5167cb0b045955e163aa523236254\">\n\t\t\t\t\t<button type=\"button\" id=\"collapseTitle-668e5167cb0b045955e163aa523236254\" class=\"open-collapse-title title-4\" data-collapser-controller>\n\t\t\t\t\t\tPuis-je payer ma franchise \u00e0 l\u2019endroit o\u00f9 je re\u00e7ois mon traitement?\t\t\t\t\t\t<span class=\"toggle-btn\" aria-hidden=\"true\">\n\t\t\t\t\t\t\t<i class=\"icon-chevron-down\" aria-hidden=\"true\"><\/i>\n\t\t\t\t\t\t<\/span>\n\t\t\t\t\t<\/button>\n\t\t\t\t\t<div id=\"collapseContent-668e5167cb0b045955e163aa523236254\" class=\"open-collapse-content\" data-collapser-content>\n\t\t\t\t\t\t<div class=\"oc-content-mask\">\n\t\t\t\t\t\t\t<div class=\"oc-content-inner\">\n\t\t\t\t\t\t\t\t<p>Non, la franchise doit \u00eatre r\u00e9gl\u00e9e \u00e0 la pharmacie qui d\u00e9livre votre m\u00e9dicament.<\/p>\n\n\t\t\t\t\t\t\t\t\t\t\t\t\t\t\t<\/div>\n\t\t\t\t\t\t<\/div>\n\t\t\t\t\t<\/div>\n\t\t\t\t<\/div>\n\t\t\t\t\t\t\t\t\t\t\t\t\t\t\t<div class=\"open-collapse-wrapper\" data-collapser=\"9b3195182eb22006d1af9d58482d95525\">\n\t\t\t\t\t<button type=\"button\" id=\"collapseTitle-9b3195182eb22006d1af9d58482d95525\" class=\"open-collapse-title title-4\" data-collapser-controller>\n\t\t\t\t\t\tLes frais que je r\u00e8gle lors de mes visites \u00e0 la clinique sont-ils d\u00e9duits de ma franchise?\t\t\t\t\t\t<span class=\"toggle-btn\" aria-hidden=\"true\">\n\t\t\t\t\t\t\t<i class=\"icon-chevron-down\" aria-hidden=\"true\"><\/i>\n\t\t\t\t\t\t<\/span>\n\t\t\t\t\t<\/button>\n\t\t\t\t\t<div id=\"collapseContent-9b3195182eb22006d1af9d58482d95525\" class=\"open-collapse-content\" data-collapser-content>\n\t\t\t\t\t\t<div class=\"oc-content-mask\">\n\t\t\t\t\t\t\t<div class=\"oc-content-inner\">\n\t\t\t\t\t\t\t\t<p>Non, les frais r\u00e9gl\u00e9s lors de vos visites \u00e0 la clinique ne sont pas pris en compte dans votre franchise.<\/p>\n\n\t\t\t\t\t\t\t\t\t\t\t\t\t\t\t<\/div>\n\t\t\t\t\t\t<\/div>\n\t\t\t\t\t<\/div>\n\t\t\t\t<\/div>\n\t\t\t\t\t\t\t\t\t\t\t\t\t\t\t<div class=\"open-collapse-wrapper\" data-collapser=\"4fdade51e9c6b8b2d7001172f22175c36\">\n\t\t\t\t\t<button type=\"button\" id=\"collapseTitle-4fdade51e9c6b8b2d7001172f22175c36\" class=\"open-collapse-title title-4\" data-collapser-controller>\n\t\t\t\t\t\tComment puis-je payer ma franchise \u00e0 Sentrex?\t\t\t\t\t\t<span class=\"toggle-btn\" aria-hidden=\"true\">\n\t\t\t\t\t\t\t<i class=\"icon-chevron-down\" aria-hidden=\"true\"><\/i>\n\t\t\t\t\t\t<\/span>\n\t\t\t\t\t<\/button>\n\t\t\t\t\t<div id=\"collapseContent-4fdade51e9c6b8b2d7001172f22175c36\" class=\"open-collapse-content\" data-collapser-content>\n\t\t\t\t\t\t<div class=\"oc-content-mask\">\n\t\t\t\t\t\t\t<div class=\"oc-content-inner\">\n\t\t\t\t\t\t\t\t<p>Si vous devez payer votre franchise \u00e0 Sentrex, vous recevrez un avis par voie postale pr\u00e9cisant le montant et les modalit\u00e9s de paiement.<\/p>\n\n\t\t\t\t\t\t\t\t\t\t\t\t\t\t\t<\/div>\n\t\t\t\t\t\t<\/div>\n\t\t\t\t\t<\/div>\n\t\t\t\t<\/div>\n\t\t\t\t\t\t\t\t\t\t\t\t\t\t\t<div class=\"open-collapse-wrapper\" data-collapser=\"9d852591a7f05d533597194132e58cfd7\">\n\t\t\t\t\t<button type=\"button\" id=\"collapseTitle-9d852591a7f05d533597194132e58cfd7\" class=\"open-collapse-title title-4\" data-collapser-controller>\n\t\t\t\t\t\tMon assurance priv\u00e9e couvre-t-elle la franchise du PMO\/programme Trillium?\t\t\t\t\t\t<span class=\"toggle-btn\" aria-hidden=\"true\">\n\t\t\t\t\t\t\t<i class=\"icon-chevron-down\" aria-hidden=\"true\"><\/i>\n\t\t\t\t\t\t<\/span>\n\t\t\t\t\t<\/button>\n\t\t\t\t\t<div id=\"collapseContent-9d852591a7f05d533597194132e58cfd7\" class=\"open-collapse-content\" data-collapser-content>\n\t\t\t\t\t\t<div class=\"oc-content-mask\">\n\t\t\t\t\t\t\t<div class=\"oc-content-inner\">\n\t\t\t\t\t\t\t\t<p>Pour v\u00e9rifier si votre assurance priv\u00e9e couvre votre franchise, contactez Sentrex Pharmacy au 877 851-8420 et appuyez sur le 2 pour parler \u00e0 un repr\u00e9sentant.<\/p>\n\n\t\t\t\t\t\t\t\t\t\t\t\t\t\t\t<\/div>\n\t\t\t\t\t\t<\/div>\n\t\t\t\t\t<\/div>\n\t\t\t\t<\/div>\n\t\t\t\t\t\t<\/div>\n\t\t\t\t\t\t<\/div>\n\t\t\t\t\t<\/div>\n\t\t\t\t<\/div>\n\t\t\t<\/section>\n\t\t\t\n\n\t\t<section class=\"list-two-columns-block section-block with-background theme-peppermint\" data-scroll-section>\n\t\t\t<div class=\"container\">\n\t\t\t\t<div class=\"row row-main\">\n\t\t\t\t\t<div class=\"col-md-4\">\n\t\t\t\t\t\t<h2 class=\"title-2\">Vous souhaitez obtenir plus de renseignements?<\/h2>\n\t\t\t\t\t\t\t\t\t\t\t<\/div>\n\t\t\t\t\t<div class=\"col-md-7 offset-md-1\">\n\t\t\t\t\t\t<div class=\"list-column-wrapper\">\n\t\t\t\t\t\t\t\t\t\t\t\t\t\t\t\t\t\t\t\t\t\t\t<article class=\"list-group\">\n\t\t\t\t\t\t\t\t\t\t\t\t\t\t\t\t\t\t\t<h2 class=\"title title-4\">Programme de m\u00e9dicaments de l\u2019Ontario (pour les patients de plus de 65 ans)<\/h2>\t\t\t\t\t\t\t\t\t\t\t\t\t\t\t\t\t\t\t\t\t\t\t\t\t\t\t\t<div class=\"description\"><a href=\"tel:+18884050405\">(888)-405-0405<\/a>\r\n<\/div>\n\t\t\t\t\t\t\t\t\t\t\t\t\t\t\t\t\t<\/article>\n\t\t\t\t\t\t\t\t\t\t\t\t\t\t\t\t\t\t\t\t\t\t\t<article class=\"list-group\">\n\t\t\t\t\t\t\t\t\t\t\t\t\t\t\t\t\t\t\t<h2 class=\"title title-4\">Programme de m\u00e9dicaments Trillium (pour les patients de moins de 65 ans)<\/h2>\t\t\t\t\t\t\t\t\t\t\t\t\t\t\t\t\t\t\t\t\t\t\t\t\t\t\t\t<div class=\"description\"><a href=\"tel:+8005755386\">(800)-575-5386<\/a><\/div>\n\t\t\t\t\t\t\t\t\t\t\t\t\t\t\t\t\t<\/article>\n\t\t\t\t\t\t\t\t\t\t\t\t\t\t\t\t\t\t\t\t\t\t\t<article class=\"list-group\">\n\t\t\t\t\t\t\t\t\t\t\t\t\t\t\t\t\t\t\t<h2 class=\"title title-4\">Sentrex Pharmacy<\/h2>\t\t\t\t\t\t\t\t\t\t\t\t\t\t\t\t\t\t\t\t\t\t\t\t\t\t\t\t<div class=\"description\"><a href=\"tel:+8778518420\">(877)-851-8420<\/a><\/div>\n\t\t\t\t\t\t\t\t\t\t\t\t\t\t\t\t\t<\/article>\n\t\t\t\t\t\t\t\t\t\t\t\t\t<\/div>\n\t\t\t\t\t<\/div>\n\t\t\t\t<\/div>\n\t\t\t<\/div>\n\t\t<\/section>\n\t","protected":false},"excerpt":{"rendered":"","protected":false},"author":6,"featured_media":0,"parent":0,"menu_order":43,"comment_status":"closed","ping_status":"closed","template":"","meta":{"_acf_changed":false,"footnotes":""},"class_list":["post-1260","page","type-page","status-publish","hentry"],"acf":[],"_links":{"self":[{"href":"https:\/\/www.sentrex.com\/fr\/wp-json\/wp\/v2\/pages\/1260","targetHints":{"allow":["GET"]}}],"collection":[{"href":"https:\/\/www.sentrex.com\/fr\/wp-json\/wp\/v2\/pages"}],"about":[{"href":"https:\/\/www.sentrex.com\/fr\/wp-json\/wp\/v2\/types\/page"}],"author":[{"embeddable":true,"href":"https:\/\/www.sentrex.com\/fr\/wp-json\/wp\/v2\/users\/6"}],"replies":[{"embeddable":true,"href":"https:\/\/www.sentrex.com\/fr\/wp-json\/wp\/v2\/comments?post=1260"}],"version-history":[{"count":2,"href":"https:\/\/www.sentrex.com\/fr\/wp-json\/wp\/v2\/pages\/1260\/revisions"}],"predecessor-version":[{"id":1262,"href":"https:\/\/www.sentrex.com\/fr\/wp-json\/wp\/v2\/pages\/1260\/revisions\/1262"}],"wp:attachment":[{"href":"https:\/\/www.sentrex.com\/fr\/wp-json\/wp\/v2\/media?parent=1260"}],"curies":[{"name":"wp","href":"https:\/\/api.w.org\/{rel}","templated":true}]}}