{"id":1338,"date":"2025-02-10T21:17:14","date_gmt":"2025-02-10T16:17:14","guid":{"rendered":"https:\/\/www.sentrex.com\/?page_id=1338"},"modified":"2025-03-05T00:54:59","modified_gmt":"2025-03-04T19:54:59","slug":"conseils-pour-postuler","status":"publish","type":"page","link":"https:\/\/www.sentrex.com\/fr\/conseils-pour-postuler\/","title":{"rendered":"Conseils pour postuler"},"content":{"rendered":"\t\t<div class=\"header-page-title-block theme-green section-block with-background\" data-scroll-section>\n\t\t\t<div class=\"container\">\n\t\t\t\t<div class=\"content-wrapper\">\n\t\t\t\t\t<div class=\"row row-main\">\n\t\t\t\t\t\t<div class=\"col-md-6 col-content\">\n\t\t\t\t\t\t\t\n\t\t\t\t\t\t\t<h1 class=\"title-1\">Postulez en toute confiance chez Sentrex<\/h1>\n\t\t\t\t\t\t\t\t\t\t\t\t\t\t\t<div class=\"description\"><p>Nous vous remercions de l\u2019int\u00e9r\u00eat que vous portez \u00e0 Sentrex! Nous sommes ravis que vous vous  exploriez des possibilit\u00e9s de carri\u00e8re chez nous. Pour une exp\u00e9rience candidat s\u00e9curitaire, tenez-vous au courant des fraudes li\u00e9es \u00e0 l\u2019emploi et apprenez \u00e0 les rep\u00e9rer.<\/p>\n<\/div>\n\t\t\t\t\t\t\t\t\t\t\t\t\t<\/div>\n\t\t\t\t\t<\/div>\n\t\t\t\t<\/div>\n\t\t\t<\/div>\n\t\t<\/div>\n\t\n\n\t\t\t\t\t\t\t<section class=\"list-text-drawers-block section-block theme-light with-background\" data-scroll-section>\n\t\t\t\t<div class=\"container\">\n\t\t\t\t\t<div class=\"row row-main\">\n\t\t\t\t\t\t<div class=\"col-md-5\">\n\t\t\t\t\t\t\t<h2 class=\"title-2\">Conseils rapides pour postuler en toute s\u00e9curit\u00e9<\/h2>\n\t\t\t\t\t\t\t\n\t\t\t\t\t\t\t\t\t\t\t\t\t<\/div>\n\t\t\t\t\t\t<div class=\"col-md-6 offset-md-1\">\n\t\t\t\t\t\t\t\n\n\t<div class=\"open-collapse-container\" data-collapser-module=\"default\">\n\t\t\t\t\t\t\t\t\t\t\t\t<div class=\"open-collapse-wrapper\" data-collapser=\"67d9f1e41c5ef59aae3565b1e52b1e320\">\n\t\t\t\t\t<button type=\"button\" id=\"collapseTitle-67d9f1e41c5ef59aae3565b1e52b1e320\" class=\"open-collapse-title title-4\" data-collapser-controller>\n\t\t\t\t\t\tCommunications\t\t\t\t\t\t<span class=\"toggle-btn\" aria-hidden=\"true\">\n\t\t\t\t\t\t\t<i class=\"icon-chevron-down\" aria-hidden=\"true\"><\/i>\n\t\t\t\t\t\t<\/span>\n\t\t\t\t\t<\/button>\n\t\t\t\t\t<div id=\"collapseContent-67d9f1e41c5ef59aae3565b1e52b1e320\" class=\"open-collapse-content\" data-collapser-content>\n\t\t\t\t\t\t<div class=\"oc-content-mask\">\n\t\t\t\t\t\t\t<div class=\"oc-content-inner\">\n\t\t\t\t\t\t\t\t<ul>\n<li>Communications non sollicit\u00e9es d\u2019une personne ou de sites Web que vous ne connaissez pas, ou dont le nom de domaine ne correspond pas \u00e0 l\u2019entreprise.<\/li>\n<li>Correspondance provenant de comptes de courrier \u00e9lectronique gratuits, comme Yahoo, Hotmail ou Gmail. Nos recruteurs peuvent envoyer des communications aux candidats par l\u2019interm\u00e9diaire de LinkedIn, mais ils ne solliciteront pas de candidats \u00e0 partir d\u2019adresses courriel ou de num\u00e9ros de t\u00e9l\u00e9phone qui ne sont pas associ\u00e9s \u00e0 Sentrex Health Solutions.<\/li>\n<li>Communications qui n\u2019incluent aucune information sur une offre d\u2019emploi sp\u00e9cifique (ou dont la description de poste est vague) ou qui offrent un emploi sans entrevue ni v\u00e9rification ult\u00e9rieure des ant\u00e9c\u00e9dents. Les postes chez Sentrex sont toujours offerts par l\u2019interm\u00e9diaire du syst\u00e8me interne du Service des ressources humaines ou par notre \u00e9quipe d\u2019acquisition des talents.<\/li>\n<li>Communication non sollicit\u00e9e dans laquelle le recruteur affirme avoir vu votre curriculum vitae sur un site que vous ne connaissez pas.<\/li>\n<li>Communications pendant l\u2019\u00e9tape de pr\u00e9sentation de votre candidature vous demandant des donn\u00e9es ou des renseignements personnels sensibles, comme votre date de naissance, votre num\u00e9ro d\u2019assurance sociale, des renseignements sur votre compte bancaire, des renseignements sur votre passeport ou tout num\u00e9ro figurant sur des pi\u00e8ces d\u2019identit\u00e9.<\/li>\n<\/ul>\n\n\t\t\t\t\t\t\t\t\t\t\t\t\t\t\t<\/div>\n\t\t\t\t\t\t<\/div>\n\t\t\t\t\t<\/div>\n\t\t\t\t<\/div>\n\t\t\t\t\t\t\t\t\t\t\t\t\t\t\t<div class=\"open-collapse-wrapper\" data-collapser=\"b97e195a80714e3d5bd7a5defd232ac61\">\n\t\t\t\t\t<button type=\"button\" id=\"collapseTitle-b97e195a80714e3d5bd7a5defd232ac61\" class=\"open-collapse-title title-4\" data-collapser-controller>\n\t\t\t\t\t\tEntrevues\t\t\t\t\t\t<span class=\"toggle-btn\" aria-hidden=\"true\">\n\t\t\t\t\t\t\t<i class=\"icon-chevron-down\" aria-hidden=\"true\"><\/i>\n\t\t\t\t\t\t<\/span>\n\t\t\t\t\t<\/button>\n\t\t\t\t\t<div id=\"collapseContent-b97e195a80714e3d5bd7a5defd232ac61\" class=\"open-collapse-content\" data-collapser-content>\n\t\t\t\t\t\t<div class=\"oc-content-mask\">\n\t\t\t\t\t\t\t<div class=\"oc-content-inner\">\n\t\t\t\t\t\t\t\t<ul>\n<li>Sentrex n\u2019utilisera pas de plateforme de vid\u00e9oconf\u00e9rence (par ex. Google Chats) pour effectuer des entrevues.<\/li>\n<li>Sentrex utilisera uniquement nos m\u00e9thodes d\u2019entrevue approuv\u00e9es (notamment une entrevue virtuelle dans MS Teams, ou une entrevue en personne \u00e0 notre si\u00e8ge social ou dans l\u2019une de nos pharmacies ou de nos cliniques). Si vous \u00eates convoqu\u00e9 \u00e0 une entrevue virtuelle dans MS Teams, vous recevrez une invitation de la part d\u2019une de nos sp\u00e9cialistes en acquisition de talents et cette invitation vous sera envoy\u00e9e \u00e0 partir d\u2019un compte de courrier \u00e9lectronique de Sentrex ou d\u2019un compte de courrier \u00e9lectronique associ\u00e9, comme PerCuro.<\/li>\n<\/ul>\n\n\t\t\t\t\t\t\t\t\t\t\t\t\t\t\t<\/div>\n\t\t\t\t\t\t<\/div>\n\t\t\t\t\t<\/div>\n\t\t\t\t<\/div>\n\t\t\t\t\t\t\t\t\t\t\t\t\t\t\t<div class=\"open-collapse-wrapper\" data-collapser=\"385e6041db7926a69347c92d38b6b6e52\">\n\t\t\t\t\t<button type=\"button\" id=\"collapseTitle-385e6041db7926a69347c92d38b6b6e52\" class=\"open-collapse-title title-4\" data-collapser-controller>\n\t\t\t\t\t\tG\u00e9n\u00e9ralit\u00e9s\t\t\t\t\t\t<span class=\"toggle-btn\" aria-hidden=\"true\">\n\t\t\t\t\t\t\t<i class=\"icon-chevron-down\" aria-hidden=\"true\"><\/i>\n\t\t\t\t\t\t<\/span>\n\t\t\t\t\t<\/button>\n\t\t\t\t\t<div id=\"collapseContent-385e6041db7926a69347c92d38b6b6e52\" class=\"open-collapse-content\" data-collapser-content>\n\t\t\t\t\t\t<div class=\"oc-content-mask\">\n\t\t\t\t\t\t\t<div class=\"oc-content-inner\">\n\t\t\t\t\t\t\t\t<ul>\n<li>Sentrex ne vous demandera pas de faire des paiements \u00e0 un moment quelconque durant le processus d\u2019embauche.<\/li>\n<li>Ne faites pas confiance \u00e0 des offres d\u2019emploi provenant de personnes que vous ne connaissez pas et qui semblent \u00eatre \u00ab trop belles pour \u00eatre vraies \u00bb.<\/li>\n<\/ul>\n\n\t\t\t\t\t\t\t\t\t\t\t\t\t\t\t<\/div>\n\t\t\t\t\t\t<\/div>\n\t\t\t\t\t<\/div>\n\t\t\t\t<\/div>\n\t\t\t\t\t\t<\/div>\n\t\t\t\t\t\t<\/div>\n\t\t\t\t\t<\/div>\n\t\t\t\t<\/div>\n\t\t\t<\/section>\n\t\t\t","protected":false},"excerpt":{"rendered":"","protected":false},"author":10,"featured_media":0,"parent":0,"menu_order":42,"comment_status":"closed","ping_status":"closed","template":"","meta":{"_acf_changed":false,"footnotes":""},"class_list":["post-1338","page","type-page","status-publish","hentry"],"acf":[],"_links":{"self":[{"href":"https:\/\/www.sentrex.com\/fr\/wp-json\/wp\/v2\/pages\/1338","targetHints":{"allow":["GET"]}}],"collection":[{"href":"https:\/\/www.sentrex.com\/fr\/wp-json\/wp\/v2\/pages"}],"about":[{"href":"https:\/\/www.sentrex.com\/fr\/wp-json\/wp\/v2\/types\/page"}],"author":[{"embeddable":true,"href":"https:\/\/www.sentrex.com\/fr\/wp-json\/wp\/v2\/users\/10"}],"replies":[{"embeddable":true,"href":"https:\/\/www.sentrex.com\/fr\/wp-json\/wp\/v2\/comments?post=1338"}],"version-history":[{"count":2,"href":"https:\/\/www.sentrex.com\/fr\/wp-json\/wp\/v2\/pages\/1338\/revisions"}],"predecessor-version":[{"id":1412,"href":"https:\/\/www.sentrex.com\/fr\/wp-json\/wp\/v2\/pages\/1338\/revisions\/1412"}],"wp:attachment":[{"href":"https:\/\/www.sentrex.com\/fr\/wp-json\/wp\/v2\/media?parent=1338"}],"curies":[{"name":"wp","href":"https:\/\/api.w.org\/{rel}","templated":true}]}}