{"id":148,"date":"2024-08-15T23:07:54","date_gmt":"2024-08-15T18:07:54","guid":{"rendered":"https:\/\/www.sentrex.com\/?page_id=148"},"modified":"2025-10-21T02:29:35","modified_gmt":"2025-10-20T21:29:35","slug":"percuro","status":"publish","type":"page","link":"https:\/\/www.sentrex.com\/fr\/percuro\/","title":{"rendered":"PerCuro"},"content":{"rendered":"\t\t<header class=\"header-links-block theme-green section-block with-background\" data-scroll-section>\n\t\t\t<div class=\"container\">\n\t\t\t\t<div class=\"content-wrapper\">\n\t\t\t\t\t<div class=\"row row-main\">\n\t\t\t\t\t\t<div class=\"col-md-5 col-content\">\n\t\t\t\t\t\t\t<div class=\"content\">\n\t\t\t\t\t\t\t\t\t\t\t\t\t\t\t\t\t<h1 class=\"upper-title-1\">PerCuro par Sentrex<\/h1>\t\t\t\t\t\t\t\t\n\t\t\t\t\t\t\t\t<h2 class=\"title-1\">Des soins sp\u00e9cialis\u00e9s, du domicile \u00e0 la clinique<\/h2>\n\t\t\t\t\t\t\t\t\t\t\t\t\t\t\t\t\t<div class=\"description\"><p>Chez PerCuro, nous avons pour mission d\u2019offrir des soins personnalis\u00e9s qui responsabilisent les patients, soutiennent les partenaires de soins et aident les professionnels de la sant\u00e9 \u00e0 chaque \u00e9tape du parcours de soins. Nous allions notre exp\u00e9rience et notre expertise clinique \u00e0 une compassion sinc\u00e8re afin de simplifier les traitements sp\u00e9cialis\u00e9s complexes, d\u2019am\u00e9liorer la coordination et l\u2019acc\u00e8s aux soins, et d\u2019offrir des soins plus bienveillants.<\/p>\n<\/div>\n\t\t\t\t\t\t\t\t\t\t\t\t\t\t\t<\/div>\n\t\t\t\t\t\t<\/div>\n\n\t\t\t\t\t\t<div class=\"col-lg-6 col-md-7 offset-lg-1 col-links\">\n\t\t\t\t\t\t\t<div class=\"container-links\">\n\t\t\t\t\t\t\t\t\t\t\t\t\t\t\t\t\t<article class=\"link-group\">\n\t\t\t\t\t\t\t\t\t\t\t\t\t\t\t\t\t\t\t\t\t\t\t\t\t\t\t\t\t\t\t\t<a href=\"https:\/\/www.sentrex.com\/fr\/professionnels-sante\/#services-cliniques-et-soins-infirmiers\" class=\"link-overlay\" aria-label=\"En savoir plus sur nos professionnels de la sant\u00e9\" ><\/a>\n\t\t\t\t\t\t\t\t\t\t\t\t\t\t\t\t\t\t\t\t\t\t\t\t\t\t\t\t\t\t\t<div class=\"title\">\n\t\t\t\t\t\t\t\t\t\t\t\t<h3 class=\"link-title title-4\">Professionnels de la sant\u00e9<\/h3>\t\t\t\t\t\t\t\t\t\t\t\t<i class=\"icon icon-chevron-right\" aria-hidden=\"true\"><\/i>\n\t\t\t\t\t\t\t\t\t\t\t<\/div>\n\t\t\t\t\t\t\t\t\t\t\t\t\t\t\t\t\t\t\t\t\t\t\t\t\t\t\t\t\t\t\t<div class=\"description\">D\u00e9couv rez nos services cliniques et infirmiers ou trouvez les formulaires pertinents<\/div>\n\t\t\t\t\t\t\t\t\t\t\t\t\t\t\t\t\t\t\t<\/article>\n\t\t\t\t\t\t\t\t\t\t\t\t\t\t\t\t\t<article class=\"link-group\">\n\t\t\t\t\t\t\t\t\t\t\t\t\t\t\t\t\t\t\t\t\t\t\t\t\t\t\t\t\t\t\t\t<a href=\"https:\/\/www.sentrex.com\/fr\/patients\/\" class=\"link-overlay\" aria-label=\"En savoir plus sur nos patients\" ><\/a>\n\t\t\t\t\t\t\t\t\t\t\t\t\t\t\t\t\t\t\t\t\t\t\t\t\t\t\t\t\t\t\t<div class=\"title\">\n\t\t\t\t\t\t\t\t\t\t\t\t<h3 class=\"link-title title-4\">Patients<\/h3>\t\t\t\t\t\t\t\t\t\t\t\t<i class=\"icon icon-chevron-right\" aria-hidden=\"true\"><\/i>\n\t\t\t\t\t\t\t\t\t\t\t<\/div>\n\t\t\t\t\t\t\t\t\t\t\t\t\t\t\t\t\t\t\t\t\t\t\t\t\t\t\t\t\t\t\t<div class=\"description\">Des soins personnalis\u00e9s, comp\u00e9tents et empathiques <\/div>\n\t\t\t\t\t\t\t\t\t\t\t\t\t\t\t\t\t\t\t<\/article>\n\t\t\t\t\t\t\t\t\t\t\t\t\t\t\t\t\t<article class=\"link-group\">\n\t\t\t\t\t\t\t\t\t\t\t\t\t\t\t\t\t\t\t\t\t\t\t\t\t\t\t\t\t\t\t\t<a href=\"https:\/\/www.sentrex.com\/fr\/contact\/?active_page=0&#038;active_clinic_type=29#find-a-clinic\" class=\"link-overlay\" aria-label=\"En savoir plus sur l'emplacement de nos cliniques\" ><\/a>\n\t\t\t\t\t\t\t\t\t\t\t\t\t\t\t\t\t\t\t\t\t\t\t\t\t\t\t\t\t\t\t<div class=\"title\">\n\t\t\t\t\t\t\t\t\t\t\t\t<h3 class=\"link-title title-4\">Cliniques PerCuro par Sentrex<\/h3>\t\t\t\t\t\t\t\t\t\t\t\t<i class=\"icon icon-chevron-right\" aria-hidden=\"true\"><\/i>\n\t\t\t\t\t\t\t\t\t\t\t<\/div>\n\t\t\t\t\t\t\t\t\t\t\t\t\t\t\t\t\t\t\t\t\t\t\t\t\t\t\t\t\t\t\t<div class=\"description\">Trouvez la clinique la plus proche de chez vous<\/div>\n\t\t\t\t\t\t\t\t\t\t\t\t\t\t\t\t\t\t\t<\/article>\n\t\t\t\t\t\t\t\t\t\t\t\t\t\t\t<\/div>\n\t\t\t\t\t\t<\/div>\n\t\t\t\t\t<\/div>\n\t\t\t\t<\/div>\n\t\t\t<\/div>\n\t\t<\/header>\n\t","protected":false},"excerpt":{"rendered":"","protected":false},"author":16,"featured_media":0,"parent":0,"menu_order":52,"comment_status":"closed","ping_status":"closed","template":"page_percuro.php","meta":{"_acf_changed":false,"footnotes":""},"class_list":["post-148","page","type-page","status-publish","hentry"],"acf":[],"_links":{"self":[{"href":"https:\/\/www.sentrex.com\/fr\/wp-json\/wp\/v2\/pages\/148","targetHints":{"allow":["GET"]}}],"collection":[{"href":"https:\/\/www.sentrex.com\/fr\/wp-json\/wp\/v2\/pages"}],"about":[{"href":"https:\/\/www.sentrex.com\/fr\/wp-json\/wp\/v2\/types\/page"}],"author":[{"embeddable":true,"href":"https:\/\/www.sentrex.com\/fr\/wp-json\/wp\/v2\/users\/16"}],"replies":[{"embeddable":true,"href":"https:\/\/www.sentrex.com\/fr\/wp-json\/wp\/v2\/comments?post=148"}],"version-history":[{"count":5,"href":"https:\/\/www.sentrex.com\/fr\/wp-json\/wp\/v2\/pages\/148\/revisions"}],"predecessor-version":[{"id":1785,"href":"https:\/\/www.sentrex.com\/fr\/wp-json\/wp\/v2\/pages\/148\/revisions\/1785"}],"wp:attachment":[{"href":"https:\/\/www.sentrex.com\/fr\/wp-json\/wp\/v2\/media?parent=148"}],"curies":[{"name":"wp","href":"https:\/\/api.w.org\/{rel}","templated":true}]}}